{"id":11,"date":"2025-08-23T21:53:22","date_gmt":"2025-08-23T21:53:22","guid":{"rendered":"http:\/\/www.synaxis.be\/?page_id=11"},"modified":"2025-10-21T12:01:34","modified_gmt":"2025-10-21T12:01:34","slug":"home","status":"publish","type":"page","link":"https:\/\/www.synaxis.be\/","title":{"rendered":"Accueil"},"content":{"rendered":"\t\t<div data-elementor-type=\"wp-page\" data-elementor-id=\"11\" class=\"elementor elementor-11\">\n\t\t\t\t<div class=\"elementor-element elementor-element-d95e6a8 e-flex e-con-boxed e-con e-parent\" data-id=\"d95e6a8\" data-element_type=\"container\" data-e-type=\"container\" data-settings=\"{&quot;background_background&quot;:&quot;classic&quot;}\">\n\t\t\t\t\t<div class=\"e-con-inner\">\n\t\t\t\t<div class=\"elementor-element elementor-element-b0eee59 elementor-widget elementor-widget-heading\" data-id=\"b0eee59\" data-element_type=\"widget\" data-e-type=\"widget\" data-widget_type=\"heading.default\">\n\t\t\t\t\t<h2 class=\"elementor-heading-title elementor-size-default\">Synaxis \u2013 Gestion de copropri\u00e9t\u00e9s<\/h2>\t\t\t\t<\/div>\n\t\t\t\t<div class=\"elementor-element elementor-element-075668c elementor-widget elementor-widget-text-editor\" data-id=\"075668c\" data-element_type=\"widget\" data-e-type=\"widget\" data-widget_type=\"text-editor.default\">\n\t\t\t\t\t\t\t\t\t<p>La transparence, la r\u00e9activit\u00e9 et la proximit\u00e9 au service de votre copropri\u00e9t\u00e9.<\/p>\t\t\t\t\t\t\t\t<\/div>\n\t\t\t\t\t<\/div>\n\t\t\t\t<\/div>\n\t\t<div class=\"elementor-element elementor-element-L6MMTGZ e-flex e-con-boxed e-con e-parent\" data-id=\"L6MMTGZ\" data-element_type=\"container\" data-e-type=\"container\">\n\t\t\t\t\t<div class=\"e-con-inner\">\n\t\t<div class=\"elementor-element elementor-element-aTUTQh0 e-flex e-con-boxed e-con e-child\" data-id=\"aTUTQh0\" data-element_type=\"container\" data-e-type=\"container\">\n\t\t\t\t\t<div class=\"e-con-inner\">\n\t\t\t\t<div class=\"elementor-element elementor-element-f6P92ZA elementor-widget elementor-widget-heading\" data-id=\"f6P92ZA\" data-element_type=\"widget\" data-e-type=\"widget\" data-widget_type=\"heading.default\">\n\t\t\t\t\t<h2 class=\"elementor-heading-title elementor-size-default\">Faites-nous confiance pour votre gestion :<\/h2>\t\t\t\t<\/div>\n\t\t\t\t\t<\/div>\n\t\t\t\t<\/div>\n\t\t<div class=\"elementor-element elementor-element-nhWtPm5 e-flex e-con-boxed e-con e-child\" data-id=\"nhWtPm5\" data-element_type=\"container\" data-e-type=\"container\">\n\t\t\t\t\t<div class=\"e-con-inner\">\n\t\t<div class=\"elementor-element elementor-element-B3Le4FV e-con-full e-flex e-con e-child\" data-id=\"B3Le4FV\" data-element_type=\"container\" data-e-type=\"container\">\n\t\t\t\t<div class=\"elementor-element elementor-element-ZKT2qhL elementor-tablet-position-block-start elementor-view-default elementor-position-block-start elementor-mobile-position-block-start elementor-widget elementor-widget-icon-box\" data-id=\"ZKT2qhL\" data-element_type=\"widget\" data-e-type=\"widget\" data-widget_type=\"icon-box.default\">\n\t\t\t\t\t\t\t<div class=\"elementor-icon-box-wrapper\">\n\n\t\t\t\t\t\t<div class=\"elementor-icon-box-icon\">\n\t\t\t\t<span  class=\"elementor-icon\">\n\t\t\t\t<svg aria-hidden=\"true\" class=\"e-font-icon-svg e-far-file-alt\" viewBox=\"0 0 384 512\" xmlns=\"http:\/\/www.w3.org\/2000\/svg\"><path d=\"M288 248v28c0 6.6-5.4 12-12 12H108c-6.6 0-12-5.4-12-12v-28c0-6.6 5.4-12 12-12h168c6.6 0 12 5.4 12 12zm-12 72H108c-6.6 0-12 5.4-12 12v28c0 6.6 5.4 12 12 12h168c6.6 0 12-5.4 12-12v-28c0-6.6-5.4-12-12-12zm108-188.1V464c0 26.5-21.5 48-48 48H48c-26.5 0-48-21.5-48-48V48C0 21.5 21.5 0 48 0h204.1C264.8 0 277 5.1 286 14.1L369.9 98c9 8.9 14.1 21.2 14.1 33.9zm-128-80V128h76.1L256 51.9zM336 464V176H232c-13.3 0-24-10.7-24-24V48H48v416h288z\"><\/path><\/svg>\t\t\t\t<\/span>\n\t\t\t<\/div>\n\t\t\t\n\t\t\t\t\t\t<div class=\"elementor-icon-box-content\">\n\n\t\t\t\t\t\t\t\t\t<h3 class=\"elementor-icon-box-title\">\n\t\t\t\t\t\t<span  >\n\t\t\t\t\t\t\tAdministrative\t\t\t\t\t\t<\/span>\n\t\t\t\t\t<\/h3>\n\t\t\t\t\n\t\t\t\t\n\t\t\t<\/div>\n\t\t\t\n\t\t<\/div>\n\t\t\t\t\t\t<\/div>\n\t\t\t\t<\/div>\n\t\t<div class=\"elementor-element elementor-element-4AFXn3O e-con-full e-flex e-con e-child\" data-id=\"4AFXn3O\" data-element_type=\"container\" data-e-type=\"container\">\n\t\t\t\t<div class=\"elementor-element elementor-element-tCbUgke elementor-tablet-position-block-start elementor-view-default elementor-position-block-start elementor-mobile-position-block-start elementor-widget elementor-widget-icon-box\" data-id=\"tCbUgke\" data-element_type=\"widget\" data-e-type=\"widget\" data-widget_type=\"icon-box.default\">\n\t\t\t\t\t\t\t<div class=\"elementor-icon-box-wrapper\">\n\n\t\t\t\t\t\t<div class=\"elementor-icon-box-icon\">\n\t\t\t\t<span  class=\"elementor-icon\">\n\t\t\t\t<svg aria-hidden=\"true\" class=\"e-font-icon-svg e-fas-calculator\" viewBox=\"0 0 448 512\" xmlns=\"http:\/\/www.w3.org\/2000\/svg\"><path d=\"M400 0H48C22.4 0 0 22.4 0 48v416c0 25.6 22.4 48 48 48h352c25.6 0 48-22.4 48-48V48c0-25.6-22.4-48-48-48zM128 435.2c0 6.4-6.4 12.8-12.8 12.8H76.8c-6.4 0-12.8-6.4-12.8-12.8v-38.4c0-6.4 6.4-12.8 12.8-12.8h38.4c6.4 0 12.8 6.4 12.8 12.8v38.4zm0-128c0 6.4-6.4 12.8-12.8 12.8H76.8c-6.4 0-12.8-6.4-12.8-12.8v-38.4c0-6.4 6.4-12.8 12.8-12.8h38.4c6.4 0 12.8 6.4 12.8 12.8v38.4zm128 128c0 6.4-6.4 12.8-12.8 12.8h-38.4c-6.4 0-12.8-6.4-12.8-12.8v-38.4c0-6.4 6.4-12.8 12.8-12.8h38.4c6.4 0 12.8 6.4 12.8 12.8v38.4zm0-128c0 6.4-6.4 12.8-12.8 12.8h-38.4c-6.4 0-12.8-6.4-12.8-12.8v-38.4c0-6.4 6.4-12.8 12.8-12.8h38.4c6.4 0 12.8 6.4 12.8 12.8v38.4zm128 128c0 6.4-6.4 12.8-12.8 12.8h-38.4c-6.4 0-12.8-6.4-12.8-12.8V268.8c0-6.4 6.4-12.8 12.8-12.8h38.4c6.4 0 12.8 6.4 12.8 12.8v166.4zm0-256c0 6.4-6.4 12.8-12.8 12.8H76.8c-6.4 0-12.8-6.4-12.8-12.8V76.8C64 70.4 70.4 64 76.8 64h294.4c6.4 0 12.8 6.4 12.8 12.8v102.4z\"><\/path><\/svg>\t\t\t\t<\/span>\n\t\t\t<\/div>\n\t\t\t\n\t\t\t\t\t\t<div class=\"elementor-icon-box-content\">\n\n\t\t\t\t\t\t\t\t\t<h3 class=\"elementor-icon-box-title\">\n\t\t\t\t\t\t<span  >\n\t\t\t\t\t\t\tComptable\t\t\t\t\t\t<\/span>\n\t\t\t\t\t<\/h3>\n\t\t\t\t\n\t\t\t\t\n\t\t\t<\/div>\n\t\t\t\n\t\t<\/div>\n\t\t\t\t\t\t<\/div>\n\t\t\t\t<\/div>\n\t\t<div class=\"elementor-element elementor-element-ddNuRVX e-con-full e-flex e-con e-child\" data-id=\"ddNuRVX\" data-element_type=\"container\" data-e-type=\"container\">\n\t\t\t\t<div class=\"elementor-element elementor-element-yzMP5ph elementor-tablet-position-block-start elementor-view-default elementor-position-block-start elementor-mobile-position-block-start elementor-widget elementor-widget-icon-box\" data-id=\"yzMP5ph\" data-element_type=\"widget\" data-e-type=\"widget\" data-widget_type=\"icon-box.default\">\n\t\t\t\t\t\t\t<div class=\"elementor-icon-box-wrapper\">\n\n\t\t\t\t\t\t<div class=\"elementor-icon-box-icon\">\n\t\t\t\t<span  class=\"elementor-icon\">\n\t\t\t\t<svg aria-hidden=\"true\" class=\"e-font-icon-svg e-fab-whmcs\" viewBox=\"0 0 448 512\" xmlns=\"http:\/\/www.w3.org\/2000\/svg\"><path d=\"M448 161v-21.3l-28.5-8.8-2.2-10.4 20.1-20.7L427 80.4l-29 7.5-7.2-7.5 7.5-28.2-19.1-11.6-21.3 21-10.7-3.2-7-26.4h-22.6l-6.2 26.4-12.1 3.2-19.7-21-19.4 11 8.1 27.7-8.1 8.4-28.5-7.5-11 19.1 20.7 21-2.9 10.4-28.5 7.8-.3 21.7 28.8 7.5 2.4 12.1-20.1 19.9 10.4 18.5 29.6-7.5 7.2 8.6-8.1 26.9 19.9 11.6 19.4-20.4 11.6 2.9 6.7 28.5 22.6.3 6.7-28.8 11.6-3.5 20.7 21.6 20.4-12.1-8.8-28 7.8-8.1 28.8 8.8 10.3-20.1-20.9-18.8 2.2-12.1 29.1-7zm-119.2 45.2c-31.3 0-56.8-25.4-56.8-56.8s25.4-56.8 56.8-56.8 56.8 25.4 56.8 56.8c0 31.5-25.4 56.8-56.8 56.8zm72.3 16.4l46.9 14.5V277l-55.1 13.4-4.1 22.7 38.9 35.3-19.2 37.9-54-16.7-14.6 15.2 16.7 52.5-38.3 22.7-38.9-40.5-21.7 6.6-12.6 54-42.4-.5-12.6-53.6-21.7-5.6-36.4 38.4-37.4-21.7 15.2-50.5-13.7-16.1-55.5 14.1-19.7-34.8 37.9-37.4-4.8-22.8-54-14.1.5-40.9L54 219.9l5.7-19.7-38.9-39.4L41.5 125l53.6 14.1 15.2-15.7-15.2-52 36.4-20.7 36.8 39.4L191 84l11.6-52H245l11.6 45.9L234 72l-6.3-1.7-3.3 5.7-11 19.1-3.3 5.6 4.6 4.6 17.2 17.4-.3 1-23.8 6.5-6.2 1.7-.1 6.4-.2 12.9C153.8 161.6 118 204 118 254.7c0 58.3 47.3 105.7 105.7 105.7 50.5 0 92.7-35.4 103.2-82.8l13.2.2 6.9.1 1.6-6.7 5.6-24 1.9-.6 17.1 17.8 4.7 4.9 5.8-3.4 20.4-12.1 5.8-3.5-2-6.5-6.8-21.2z\"><\/path><\/svg>\t\t\t\t<\/span>\n\t\t\t<\/div>\n\t\t\t\n\t\t\t\t\t\t<div class=\"elementor-icon-box-content\">\n\n\t\t\t\t\t\t\t\t\t<h3 class=\"elementor-icon-box-title\">\n\t\t\t\t\t\t<span  >\n\t\t\t\t\t\t\tTechnique\t\t\t\t\t\t<\/span>\n\t\t\t\t\t<\/h3>\n\t\t\t\t\n\t\t\t\t\n\t\t\t<\/div>\n\t\t\t\n\t\t<\/div>\n\t\t\t\t\t\t<\/div>\n\t\t\t\t<\/div>\n\t\t\t\t\t<\/div>\n\t\t\t\t<\/div>\n\t\t\t\t<div class=\"elementor-element elementor-element-i5TsFUY elementor-align-center elementor-widget elementor-widget-button\" data-id=\"i5TsFUY\" data-element_type=\"widget\" data-e-type=\"widget\" data-widget_type=\"button.default\">\n\t\t\t\t\t\t\t\t\t\t<a class=\"elementor-button elementor-button-link elementor-size-sm\" href=\"https:\/\/www.synaxis.be\/?page_id=47\">\n\t\t\t\t\t\t<span class=\"elementor-button-content-wrapper\">\n\t\t\t\t\t\t\t\t\t<span class=\"elementor-button-text\">En savoir plus<\/span>\n\t\t\t\t\t<\/span>\n\t\t\t\t\t<\/a>\n\t\t\t\t\t\t\t\t<\/div>\n\t\t\t\t\t<\/div>\n\t\t\t\t<\/div>\n\t\t<div class=\"elementor-element elementor-element-74afd92 e-flex e-con-boxed e-con e-parent\" data-id=\"74afd92\" data-element_type=\"container\" data-e-type=\"container\">\n\t\t\t\t\t<div class=\"e-con-inner\">\n\t\t\t\t<div class=\"elementor-element elementor-element-b27ab35 elementor-widget elementor-widget-heading\" data-id=\"b27ab35\" data-element_type=\"widget\" data-e-type=\"widget\" data-widget_type=\"heading.default\">\n\t\t\t\t\t<h2 class=\"elementor-heading-title elementor-size-default\">Un syndic r\u00e9actif, proche et transparent<\/h2>\t\t\t\t<\/div>\n\t\t\t\t<div class=\"elementor-element elementor-element-20894d3 elementor-widget elementor-widget-text-editor\" data-id=\"20894d3\" data-element_type=\"widget\" data-e-type=\"widget\" data-widget_type=\"text-editor.default\">\n\t\t\t\t\t\t\t\t\t<p>Vous souhaitez des informations ou une offre personnalis\u00e9e ?<br data-start=\"3500\" data-end=\"3503\" \/><strong data-start=\"3505\" data-end=\"3526\">Contactez Synaxis<\/strong> \u2013 nous vous r\u00e9pondrons rapidement.<\/p>\t\t\t\t\t\t\t\t<\/div>\n\t\t\t\t<div class=\"elementor-element elementor-element-e010707 elementor-align-center elementor-widget elementor-widget-button\" data-id=\"e010707\" data-element_type=\"widget\" data-e-type=\"widget\" data-widget_type=\"button.default\">\n\t\t\t\t\t\t\t\t\t\t<a class=\"elementor-button elementor-button-link elementor-size-sm\" href=\"https:\/\/www.synaxis.be\/?page_id=51\">\n\t\t\t\t\t\t<span class=\"elementor-button-content-wrapper\">\n\t\t\t\t\t\t\t\t\t<span class=\"elementor-button-text\">Contactez-nous !<\/span>\n\t\t\t\t\t<\/span>\n\t\t\t\t\t<\/a>\n\t\t\t\t\t\t\t\t<\/div>\n\t\t\t\t<div class=\"elementor-element elementor-element-56691a0 elementor-widget elementor-widget-text-editor\" data-id=\"56691a0\" data-element_type=\"widget\" data-e-type=\"widget\" data-widget_type=\"text-editor.default\">\n\t\t\t\t\t\t\t\t\t<p>ou appelez le <strong>0477\/88.86.84<\/strong><\/p>\t\t\t\t\t\t\t\t<\/div>\n\t\t\t\t\t<\/div>\n\t\t\t\t<\/div>\n\t\t\t\t<\/div>\n\t\t","protected":false},"excerpt":{"rendered":"<p>Synaxis \u2013 Gestion de copropri\u00e9t\u00e9s La transparence, la r\u00e9activit\u00e9 et la proximit\u00e9 au service de votre copropri\u00e9t\u00e9. Faites-nous confiance pour [&hellip;]<\/p>\n","protected":false},"author":1,"featured_media":0,"parent":0,"menu_order":0,"comment_status":"closed","ping_status":"closed","template":"","meta":{"site-sidebar-layout":"no-sidebar","site-content-layout":"plain-container","ast-site-content-layout":"default","site-content-style":"default","site-sidebar-style":"default","ast-global-header-display":"","ast-banner-title-visibility":"","ast-main-header-display":"","ast-hfb-above-header-display":"","ast-hfb-below-header-display":"","ast-hfb-mobile-header-display":"","site-post-title":"disabled","ast-breadcrumbs-content":"","ast-featured-img":"","footer-sml-layout":"","theme-transparent-header-meta":"enabled","adv-header-id-meta":"","stick-header-meta":"","header-above-stick-meta":"","header-main-stick-meta":"","header-below-stick-meta":"","astra-migrate-meta-layouts":"default","ast-page-background-enabled":"default","ast-page-background-meta":{"desktop":{"background-color":"var(--ast-global-color-5)","background-image":"","background-repeat":"repeat","background-position":"center center","background-size":"auto","background-attachment":"scroll","background-type":"","background-media":"","overlay-type":"","overlay-color":"","overlay-opacity":"","overlay-gradient":""},"tablet":{"background-color":"","background-image":"","background-repeat":"repeat","background-position":"center center","background-size":"auto","background-attachment":"scroll","background-type":"","background-media":"","overlay-type":"","overlay-color":"","overlay-opacity":"","overlay-gradient":""},"mobile":{"background-color":"","background-image":"","background-repeat":"repeat","background-position":"center center","background-size":"auto","background-attachment":"scroll","background-type":"","background-media":"","overlay-type":"","overlay-color":"","overlay-opacity":"","overlay-gradient":""}},"ast-content-background-meta":{"desktop":{"background-color":"var(--ast-global-color-4)","background-image":"","background-repeat":"repeat","background-position":"center center","background-size":"auto","background-attachment":"scroll","background-type":"","background-media":"","overlay-type":"","overlay-color":"","overlay-opacity":"","overlay-gradient":""},"tablet":{"background-color":"var(--ast-global-color-4)","background-image":"","background-repeat":"repeat","background-position":"center center","background-size":"auto","background-attachment":"scroll","background-type":"","background-media":"","overlay-type":"","overlay-color":"","overlay-opacity":"","overlay-gradient":""},"mobile":{"background-color":"var(--ast-global-color-4)","background-image":"","background-repeat":"repeat","background-position":"center center","background-size":"auto","background-attachment":"scroll","background-type":"","background-media":"","overlay-type":"","overlay-color":"","overlay-opacity":"","overlay-gradient":""}},"footnotes":""},"class_list":["post-11","page","type-page","status-publish","hentry"],"yoast_head":"<!-- This site is optimized with the Yoast SEO plugin v27.2 - https:\/\/yoast.com\/product\/yoast-seo-wordpress\/ -->\n<title>Accueil -<\/title>\n<meta name=\"robots\" content=\"index, follow, max-snippet:-1, max-image-preview:large, max-video-preview:-1\" \/>\n<link rel=\"canonical\" href=\"https:\/\/www.synaxis.be\/\" \/>\n<meta property=\"og:locale\" content=\"fr_FR\" \/>\n<meta property=\"og:type\" content=\"article\" \/>\n<meta property=\"og:title\" content=\"Accueil -\" \/>\n<meta property=\"og:description\" content=\"Synaxis \u2013 Gestion de copropri\u00e9t\u00e9s La transparence, la r\u00e9activit\u00e9 et la proximit\u00e9 au service de votre copropri\u00e9t\u00e9. Faites-nous confiance pour [&hellip;]\" \/>\n<meta property=\"og:url\" content=\"https:\/\/www.synaxis.be\/\" \/>\n<meta property=\"article:modified_time\" content=\"2025-10-21T12:01:34+00:00\" \/>\n<meta name=\"twitter:card\" content=\"summary_large_image\" \/>\n<meta name=\"twitter:label1\" content=\"Dur\u00e9e de lecture est.\" \/>\n\t<meta name=\"twitter:data1\" content=\"1 minute\" \/>\n<script type=\"application\/ld+json\" class=\"yoast-schema-graph\">{\"@context\":\"https:\/\/schema.org\",\"@graph\":[{\"@type\":\"WebPage\",\"@id\":\"https:\/\/www.synaxis.be\/\",\"url\":\"https:\/\/www.synaxis.be\/\",\"name\":\"Accueil -\",\"isPartOf\":{\"@id\":\"https:\/\/www.synaxis.be\/#website\"},\"datePublished\":\"2025-08-23T21:53:22+00:00\",\"dateModified\":\"2025-10-21T12:01:34+00:00\",\"breadcrumb\":{\"@id\":\"https:\/\/www.synaxis.be\/#breadcrumb\"},\"inLanguage\":\"fr-BE\",\"potentialAction\":[{\"@type\":\"ReadAction\",\"target\":[\"https:\/\/www.synaxis.be\/\"]}]},{\"@type\":\"BreadcrumbList\",\"@id\":\"https:\/\/www.synaxis.be\/#breadcrumb\",\"itemListElement\":[{\"@type\":\"ListItem\",\"position\":1,\"name\":\"Home\",\"item\":\"https:\/\/www.synaxis.be\/\"},{\"@type\":\"ListItem\",\"position\":2,\"name\":\"Accueil\"}]},{\"@type\":\"WebSite\",\"@id\":\"https:\/\/www.synaxis.be\/#website\",\"url\":\"https:\/\/www.synaxis.be\/\",\"name\":\"Synaxis\",\"description\":\"\",\"publisher\":{\"@id\":\"https:\/\/www.synaxis.be\/#organization\"},\"potentialAction\":[{\"@type\":\"SearchAction\",\"target\":{\"@type\":\"EntryPoint\",\"urlTemplate\":\"https:\/\/www.synaxis.be\/?s={search_term_string}\"},\"query-input\":{\"@type\":\"PropertyValueSpecification\",\"valueRequired\":true,\"valueName\":\"search_term_string\"}}],\"inLanguage\":\"fr-BE\"},{\"@type\":\"Organization\",\"@id\":\"https:\/\/www.synaxis.be\/#organization\",\"name\":\"Synaxis\",\"url\":\"https:\/\/www.synaxis.be\/\",\"logo\":{\"@type\":\"ImageObject\",\"inLanguage\":\"fr-BE\",\"@id\":\"https:\/\/www.synaxis.be\/#\/schema\/logo\/image\/\",\"url\":\"https:\/\/www.synaxis.be\/wp-content\/uploads\/2025\/08\/cropped-SYNAXIS_logo_transparent.webp\",\"contentUrl\":\"https:\/\/www.synaxis.be\/wp-content\/uploads\/2025\/08\/cropped-SYNAXIS_logo_transparent.webp\",\"width\":1178,\"height\":280,\"caption\":\"Synaxis\"},\"image\":{\"@id\":\"https:\/\/www.synaxis.be\/#\/schema\/logo\/image\/\"}}]}<\/script>\n<!-- \/ Yoast SEO plugin. -->","yoast_head_json":{"title":"Accueil -","robots":{"index":"index","follow":"follow","max-snippet":"max-snippet:-1","max-image-preview":"max-image-preview:large","max-video-preview":"max-video-preview:-1"},"canonical":"https:\/\/www.synaxis.be\/","og_locale":"fr_FR","og_type":"article","og_title":"Accueil -","og_description":"Synaxis \u2013 Gestion de copropri\u00e9t\u00e9s La transparence, la r\u00e9activit\u00e9 et la proximit\u00e9 au service de votre copropri\u00e9t\u00e9. Faites-nous confiance pour [&hellip;]","og_url":"https:\/\/www.synaxis.be\/","article_modified_time":"2025-10-21T12:01:34+00:00","twitter_card":"summary_large_image","twitter_misc":{"Dur\u00e9e de lecture est.":"1 minute"},"schema":{"@context":"https:\/\/schema.org","@graph":[{"@type":"WebPage","@id":"https:\/\/www.synaxis.be\/","url":"https:\/\/www.synaxis.be\/","name":"Accueil -","isPartOf":{"@id":"https:\/\/www.synaxis.be\/#website"},"datePublished":"2025-08-23T21:53:22+00:00","dateModified":"2025-10-21T12:01:34+00:00","breadcrumb":{"@id":"https:\/\/www.synaxis.be\/#breadcrumb"},"inLanguage":"fr-BE","potentialAction":[{"@type":"ReadAction","target":["https:\/\/www.synaxis.be\/"]}]},{"@type":"BreadcrumbList","@id":"https:\/\/www.synaxis.be\/#breadcrumb","itemListElement":[{"@type":"ListItem","position":1,"name":"Home","item":"https:\/\/www.synaxis.be\/"},{"@type":"ListItem","position":2,"name":"Accueil"}]},{"@type":"WebSite","@id":"https:\/\/www.synaxis.be\/#website","url":"https:\/\/www.synaxis.be\/","name":"Synaxis","description":"","publisher":{"@id":"https:\/\/www.synaxis.be\/#organization"},"potentialAction":[{"@type":"SearchAction","target":{"@type":"EntryPoint","urlTemplate":"https:\/\/www.synaxis.be\/?s={search_term_string}"},"query-input":{"@type":"PropertyValueSpecification","valueRequired":true,"valueName":"search_term_string"}}],"inLanguage":"fr-BE"},{"@type":"Organization","@id":"https:\/\/www.synaxis.be\/#organization","name":"Synaxis","url":"https:\/\/www.synaxis.be\/","logo":{"@type":"ImageObject","inLanguage":"fr-BE","@id":"https:\/\/www.synaxis.be\/#\/schema\/logo\/image\/","url":"https:\/\/www.synaxis.be\/wp-content\/uploads\/2025\/08\/cropped-SYNAXIS_logo_transparent.webp","contentUrl":"https:\/\/www.synaxis.be\/wp-content\/uploads\/2025\/08\/cropped-SYNAXIS_logo_transparent.webp","width":1178,"height":280,"caption":"Synaxis"},"image":{"@id":"https:\/\/www.synaxis.be\/#\/schema\/logo\/image\/"}}]}},"_links":{"self":[{"href":"https:\/\/www.synaxis.be\/index.php?rest_route=\/wp\/v2\/pages\/11","targetHints":{"allow":["GET"]}}],"collection":[{"href":"https:\/\/www.synaxis.be\/index.php?rest_route=\/wp\/v2\/pages"}],"about":[{"href":"https:\/\/www.synaxis.be\/index.php?rest_route=\/wp\/v2\/types\/page"}],"author":[{"embeddable":true,"href":"https:\/\/www.synaxis.be\/index.php?rest_route=\/wp\/v2\/users\/1"}],"replies":[{"embeddable":true,"href":"https:\/\/www.synaxis.be\/index.php?rest_route=%2Fwp%2Fv2%2Fcomments&post=11"}],"version-history":[{"count":27,"href":"https:\/\/www.synaxis.be\/index.php?rest_route=\/wp\/v2\/pages\/11\/revisions"}],"predecessor-version":[{"id":191,"href":"https:\/\/www.synaxis.be\/index.php?rest_route=\/wp\/v2\/pages\/11\/revisions\/191"}],"wp:attachment":[{"href":"https:\/\/www.synaxis.be\/index.php?rest_route=%2Fwp%2Fv2%2Fmedia&parent=11"}],"curies":[{"name":"wp","href":"https:\/\/api.w.org\/{rel}","templated":true}]}}