{"id":47,"date":"2025-08-28T17:05:28","date_gmt":"2025-08-28T17:05:28","guid":{"rendered":"http:\/\/www.synaxis.be\/?page_id=47"},"modified":"2025-10-05T13:18:31","modified_gmt":"2025-10-05T13:18:31","slug":"nos-services","status":"publish","type":"page","link":"https:\/\/www.synaxis.be\/?page_id=47","title":{"rendered":"Nos services"},"content":{"rendered":"\t\t<div data-elementor-type=\"wp-page\" data-elementor-id=\"47\" class=\"elementor elementor-47\">\n\t\t\t\t<div class=\"elementor-element elementor-element-undefined-875051d e-con-full e-flex e-con e-parent\" data-id=\"undefined-875051d\" data-element_type=\"container\" data-e-type=\"container\">\n\t\t<div class=\"elementor-element elementor-element-undefined-e3bb89b e-flex e-con-boxed e-con e-child\" data-id=\"undefined-e3bb89b\" data-element_type=\"container\" data-e-type=\"container\">\n\t\t\t\t\t<div class=\"e-con-inner\">\n\t\t<div class=\"elementor-element elementor-element-undefined-e10f010 e-con-full e-flex e-con e-child\" data-id=\"undefined-e10f010\" data-element_type=\"container\" data-e-type=\"container\">\n\t\t\t\t<div class=\"elementor-element elementor-element-undefined-71623ce elementor-widget elementor-widget-heading\" data-id=\"undefined-71623ce\" data-element_type=\"widget\" data-e-type=\"widget\" data-widget_type=\"heading.default\">\n\t\t\t\t\t<h2 class=\"elementor-heading-title elementor-size-default\">Chez <strong data-start=\"291\" data-end=\"302\">Synaxis<\/strong>, nous assurons une gestion compl\u00e8te de votre copropri\u00e9t\u00e9 : administrative, comptable et technique.<\/h2>\t\t\t\t<\/div>\n\t\t\t\t<\/div>\n\t\t\t\t\t<\/div>\n\t\t\t\t<\/div>\n\t\t<div class=\"elementor-element elementor-element-undefined-66c01de e-con-full e-flex e-con e-child\" data-id=\"undefined-66c01de\" data-element_type=\"container\" data-e-type=\"container\">\n\t\t<div class=\"elementor-element elementor-element-undefined-686b44f e-con-full e-flex e-con e-child\" data-id=\"undefined-686b44f\" data-element_type=\"container\" data-e-type=\"container\" data-settings=\"{&quot;background_background&quot;:&quot;classic&quot;,&quot;animation_tablet&quot;:&quot;fadeIn&quot;}\">\n\t\t\t\t<div class=\"elementor-element elementor-element-undefined-cb5ce78 elementor-widget__width-auto elementor-widget elementor-widget-image\" data-id=\"undefined-cb5ce78\" data-element_type=\"widget\" data-e-type=\"widget\" data-widget_type=\"image.default\">\n\t\t\t\t\t\t\t\t\t\t\t\t\t\t\t<img fetchpriority=\"high\" decoding=\"async\" width=\"512\" height=\"512\" src=\"https:\/\/www.synaxis.be\/wp-content\/uploads\/2025\/08\/dossier-2.webp\" class=\"attachment-large size-large wp-image-71\" alt=\"\" srcset=\"https:\/\/www.synaxis.be\/wp-content\/uploads\/2025\/08\/dossier-2.webp 512w, https:\/\/www.synaxis.be\/wp-content\/uploads\/2025\/08\/dossier-2-300x300.webp 300w, https:\/\/www.synaxis.be\/wp-content\/uploads\/2025\/08\/dossier-2-150x150.webp 150w\" sizes=\"(max-width: 512px) 100vw, 512px\" \/>\t\t\t\t\t\t\t\t\t\t\t\t\t\t\t<\/div>\n\t\t\t\t<div class=\"elementor-element elementor-element-undefined-eaf68e9 elementor-widget__width-inherit elementor-vertical-align-top elementor-widget elementor-widget-image-box\" data-id=\"undefined-eaf68e9\" data-element_type=\"widget\" data-e-type=\"widget\" data-widget_type=\"image-box.default\">\n\t\t\t\t\t<div class=\"elementor-image-box-wrapper\"><div class=\"elementor-image-box-content\"><h4 class=\"elementor-image-box-title\">Administration<\/h4><p class=\"elementor-image-box-description\">- Convocation et organisation des assembl\u00e9es g\u00e9n\u00e9rales<br>\n\n- R\u00e9daction et conservation des proc\u00e8s-verbaux<br>\n\n- Tenue \u00e0 jour des registres de copropri\u00e9t\u00e9<br>\n\n- Application des d\u00e9cisions vot\u00e9es en AG<br>\n\n- Respect de toutes les obligations l\u00e9gales belges<br>\n<\/p><\/div><\/div>\t\t\t\t<\/div>\n\t\t\t\t<\/div>\n\t\t<div class=\"elementor-element elementor-element-undefined-02df904 e-con-full e-flex e-con e-child\" data-id=\"undefined-02df904\" data-element_type=\"container\" data-e-type=\"container\" data-settings=\"{&quot;background_background&quot;:&quot;classic&quot;,&quot;animation_tablet&quot;:&quot;fadeIn&quot;}\">\n\t\t\t\t<div class=\"elementor-element elementor-element-undefined-5e6cfd6 elementor-widget__width-auto elementor-widget elementor-widget-image\" data-id=\"undefined-5e6cfd6\" data-element_type=\"widget\" data-e-type=\"widget\" data-widget_type=\"image.default\">\n\t\t\t\t\t\t\t\t\t\t\t\t\t\t\t<img decoding=\"async\" width=\"512\" height=\"512\" src=\"https:\/\/www.synaxis.be\/wp-content\/uploads\/2025\/08\/accounting.png\" class=\"attachment-large size-large wp-image-68\" alt=\"\" srcset=\"https:\/\/www.synaxis.be\/wp-content\/uploads\/2025\/08\/accounting.png 512w, https:\/\/www.synaxis.be\/wp-content\/uploads\/2025\/08\/accounting-300x300.png 300w, https:\/\/www.synaxis.be\/wp-content\/uploads\/2025\/08\/accounting-150x150.png 150w\" sizes=\"(max-width: 512px) 100vw, 512px\" \/>\t\t\t\t\t\t\t\t\t\t\t\t\t\t\t<\/div>\n\t\t\t\t<div class=\"elementor-element elementor-element-undefined-bd6b3bc elementor-vertical-align-top elementor-widget elementor-widget-image-box\" data-id=\"undefined-bd6b3bc\" data-element_type=\"widget\" data-e-type=\"widget\" data-widget_type=\"image-box.default\">\n\t\t\t\t\t<div class=\"elementor-image-box-wrapper\"><div class=\"elementor-image-box-content\"><h4 class=\"elementor-image-box-title\">Comptabilit\u00e9<\/h4><p class=\"elementor-image-box-description\">- Tenue de la comptabilit\u00e9 de l\u2019association des copropri\u00e9taires<br>\n\n- \u00c9laboration du budget pr\u00e9visionnel <br>\n\n- R\u00e9alisation et envoi des appels de fonds<br>\n\n- Suivi des paiements et relances si n\u00e9cessaire<br>\n\n- Pr\u00e9sentation claire et transparente des comptes lors de l\u2019assembl\u00e9e g\u00e9n\u00e9rale<\/p><\/div><\/div>\t\t\t\t<\/div>\n\t\t\t\t<\/div>\n\t\t<div class=\"elementor-element elementor-element-undefined-2cb6ff9 e-con-full e-flex e-con e-child\" data-id=\"undefined-2cb6ff9\" data-element_type=\"container\" data-e-type=\"container\" data-settings=\"{&quot;background_background&quot;:&quot;classic&quot;,&quot;animation_tablet&quot;:&quot;fadeIn&quot;}\">\n\t\t\t\t<div class=\"elementor-element elementor-element-undefined-0e1e4d3 elementor-widget__width-auto elementor-widget elementor-widget-image\" data-id=\"undefined-0e1e4d3\" data-element_type=\"widget\" data-e-type=\"widget\" data-widget_type=\"image.default\">\n\t\t\t\t\t\t\t\t\t\t\t\t\t\t\t<img decoding=\"async\" width=\"512\" height=\"512\" src=\"https:\/\/www.synaxis.be\/wp-content\/uploads\/2025\/08\/build.webp\" class=\"attachment-large size-large wp-image-69\" alt=\"\" srcset=\"https:\/\/www.synaxis.be\/wp-content\/uploads\/2025\/08\/build.webp 512w, https:\/\/www.synaxis.be\/wp-content\/uploads\/2025\/08\/build-300x300.webp 300w, https:\/\/www.synaxis.be\/wp-content\/uploads\/2025\/08\/build-150x150.webp 150w\" sizes=\"(max-width: 512px) 100vw, 512px\" \/>\t\t\t\t\t\t\t\t\t\t\t\t\t\t\t<\/div>\n\t\t\t\t<div class=\"elementor-element elementor-element-undefined-61951e8 elementor-vertical-align-top elementor-widget elementor-widget-image-box\" data-id=\"undefined-61951e8\" data-element_type=\"widget\" data-e-type=\"widget\" data-widget_type=\"image-box.default\">\n\t\t\t\t\t<div class=\"elementor-image-box-wrapper\"><div class=\"elementor-image-box-content\"><h4 class=\"elementor-image-box-title\">Technique<\/h4><p class=\"elementor-image-box-description\">- Suivi des contrats d\u2019entretien (ascenseur, chaudi\u00e8re, \u00e9lectricit\u00e9, jardin, nettoyage, \u2026)<br>\n\n- Commande et suivi des travaux de r\u00e9paration ou r\u00e9novation<br> - Gestion des sinistres et contacts avec les assurance<br>\n\n- Contr\u00f4le de la s\u00e9curit\u00e9 et mise en conformit\u00e9 des installations<br>\n- Visites r\u00e9guli\u00e8res de l\u2019immeuble pour anticiper les besoins<\/p><\/div><\/div>\t\t\t\t<\/div>\n\t\t\t\t<\/div>\n\t\t\t\t<\/div>\n\t\t\t\t<\/div>\n\t\t<div class=\"elementor-element elementor-element-CYjPBQ7 e-flex e-con-boxed e-con e-parent\" data-id=\"CYjPBQ7\" data-element_type=\"container\" data-e-type=\"container\">\n\t\t\t\t\t<div class=\"e-con-inner\">\n\t\t<div class=\"elementor-element elementor-element-F0bHWw4 e-flex e-con-boxed e-con e-child\" data-id=\"F0bHWw4\" data-element_type=\"container\" data-e-type=\"container\">\n\t\t\t\t\t<div class=\"e-con-inner\">\n\t\t\t\t<div class=\"elementor-element elementor-element-HB8IwP8 elementor-widget elementor-widget-image\" data-id=\"HB8IwP8\" data-element_type=\"widget\" data-e-type=\"widget\" data-widget_type=\"image.default\">\n\t\t\t\t\t\t\t\t\t\t\t\t\t\t\t<img loading=\"lazy\" decoding=\"async\" width=\"512\" height=\"512\" src=\"https:\/\/www.synaxis.be\/wp-content\/uploads\/2025\/08\/place.webp\" class=\"attachment-large size-large wp-image-76\" alt=\"\" srcset=\"https:\/\/www.synaxis.be\/wp-content\/uploads\/2025\/08\/place.webp 512w, https:\/\/www.synaxis.be\/wp-content\/uploads\/2025\/08\/place-300x300.webp 300w, https:\/\/www.synaxis.be\/wp-content\/uploads\/2025\/08\/place-150x150.webp 150w\" sizes=\"(max-width: 512px) 100vw, 512px\" \/>\t\t\t\t\t\t\t\t\t\t\t\t\t\t\t<\/div>\n\t\t\t\t\t<\/div>\n\t\t\t\t<\/div>\n\t\t<div class=\"elementor-element elementor-element-QTJ3gQh e-con-full e-flex e-con e-child\" data-id=\"QTJ3gQh\" data-element_type=\"container\" data-e-type=\"container\">\n\t\t\t\t<div class=\"elementor-element elementor-element-w5nuN33 elementor-widget elementor-widget-heading\" data-id=\"w5nuN33\" data-element_type=\"widget\" data-e-type=\"widget\" data-widget_type=\"heading.default\">\n\t\t\t\t\t<h2 class=\"elementor-heading-title elementor-size-default\">Notre avantage ?<\/h2>\t\t\t\t<\/div>\n\t\t\t\t<div class=\"elementor-element elementor-element-jOz5YRo elementor-widget elementor-widget-heading\" data-id=\"jOz5YRo\" data-element_type=\"widget\" data-e-type=\"widget\" data-widget_type=\"heading.default\">\n\t\t\t\t\t<h5 class=\"elementor-heading-title elementor-size-default\">Nous privil\u00e9gions le contact direct avec les copropri\u00e9taires et fournisseurs. <br><br>Nous n'h\u00e9sitons pas \u00e0 venir dans votre b\u00e2timent afin d'assurer une gestion humaine et souple.<\/h5>\t\t\t\t<\/div>\n\t\t\t\t<div class=\"elementor-element elementor-element-ICfRqyl elementor-widget__width-auto elementor-widget elementor-widget-button\" data-id=\"ICfRqyl\" data-element_type=\"widget\" data-e-type=\"widget\" data-widget_type=\"button.default\">\n\t\t\t\t\t\t\t\t\t\t<a class=\"elementor-button elementor-button-link elementor-size-sm\" href=\"#\">\n\t\t\t\t\t\t<span class=\"elementor-button-content-wrapper\">\n\t\t\t\t\t\t\t\t\t<span class=\"elementor-button-text\">Demandez une offre sans tarder<\/span>\n\t\t\t\t\t<\/span>\n\t\t\t\t\t<\/a>\n\t\t\t\t\t\t\t\t<\/div>\n\t\t\t\t<\/div>\n\t\t\t\t\t<\/div>\n\t\t\t\t<\/div>\n\t\t\t\t<\/div>\n\t\t","protected":false},"excerpt":{"rendered":"<p>Chez Synaxis, nous assurons une gestion compl\u00e8te de votre copropri\u00e9t\u00e9 : administrative, comptable et technique. Administration &#8211; Convocation et organisation [&hellip;]<\/p>\n","protected":false},"author":1,"featured_media":0,"parent":0,"menu_order":0,"comment_status":"closed","ping_status":"closed","template":"","meta":{"site-sidebar-layout":"no-sidebar","site-content-layout":"","ast-site-content-layout":"full-width-container","site-content-style":"default","site-sidebar-style":"default","ast-global-header-display":"","ast-banner-title-visibility":"","ast-main-header-display":"","ast-hfb-above-header-display":"","ast-hfb-below-header-display":"","ast-hfb-mobile-header-display":"","site-post-title":"disabled","ast-breadcrumbs-content":"","ast-featured-img":"disabled","footer-sml-layout":"","theme-transparent-header-meta":"enabled","adv-header-id-meta":"","stick-header-meta":"","header-above-stick-meta":"","header-main-stick-meta":"","header-below-stick-meta":"","astra-migrate-meta-layouts":"default","ast-page-background-enabled":"default","ast-page-background-meta":{"desktop":{"background-color":"var(--ast-global-color-5)","background-image":"","background-repeat":"repeat","background-position":"center center","background-size":"auto","background-attachment":"scroll","background-type":"","background-media":"","overlay-type":"","overlay-color":"","overlay-opacity":"","overlay-gradient":""},"tablet":{"background-color":"","background-image":"","background-repeat":"repeat","background-position":"center center","background-size":"auto","background-attachment":"scroll","background-type":"","background-media":"","overlay-type":"","overlay-color":"","overlay-opacity":"","overlay-gradient":""},"mobile":{"background-color":"","background-image":"","background-repeat":"repeat","background-position":"center center","background-size":"auto","background-attachment":"scroll","background-type":"","background-media":"","overlay-type":"","overlay-color":"","overlay-opacity":"","overlay-gradient":""}},"ast-content-background-meta":{"desktop":{"background-color":"var(--ast-global-color-4)","background-image":"","background-repeat":"repeat","background-position":"center center","background-size":"auto","background-attachment":"scroll","background-type":"","background-media":"","overlay-type":"","overlay-color":"","overlay-opacity":"","overlay-gradient":""},"tablet":{"background-color":"var(--ast-global-color-4)","background-image":"","background-repeat":"repeat","background-position":"center center","background-size":"auto","background-attachment":"scroll","background-type":"","background-media":"","overlay-type":"","overlay-color":"","overlay-opacity":"","overlay-gradient":""},"mobile":{"background-color":"var(--ast-global-color-4)","background-image":"","background-repeat":"repeat","background-position":"center center","background-size":"auto","background-attachment":"scroll","background-type":"","background-media":"","overlay-type":"","overlay-color":"","overlay-opacity":"","overlay-gradient":""}},"footnotes":""},"class_list":["post-47","page","type-page","status-publish","hentry"],"yoast_head":"<!-- This site is optimized with the Yoast SEO plugin v27.2 - https:\/\/yoast.com\/product\/yoast-seo-wordpress\/ -->\n<title>Nos services -<\/title>\n<meta name=\"robots\" content=\"index, follow, max-snippet:-1, max-image-preview:large, max-video-preview:-1\" \/>\n<link rel=\"canonical\" href=\"https:\/\/www.synaxis.be\/?page_id=47\" \/>\n<meta property=\"og:locale\" content=\"fr_FR\" \/>\n<meta property=\"og:type\" content=\"article\" \/>\n<meta property=\"og:title\" content=\"Nos services -\" \/>\n<meta property=\"og:description\" content=\"Chez Synaxis, nous assurons une gestion compl\u00e8te de votre copropri\u00e9t\u00e9 : administrative, comptable et technique. Administration &#8211; Convocation et organisation [&hellip;]\" \/>\n<meta property=\"og:url\" content=\"https:\/\/www.synaxis.be\/?page_id=47\" \/>\n<meta property=\"article:modified_time\" content=\"2025-10-05T13:18:31+00:00\" \/>\n<meta property=\"og:image\" content=\"http:\/\/www.synaxis.be\/wp-content\/uploads\/2025\/08\/dossier-2.webp\" \/>\n<meta name=\"twitter:card\" content=\"summary_large_image\" \/>\n<meta name=\"twitter:label1\" content=\"Dur\u00e9e de lecture est.\" \/>\n\t<meta name=\"twitter:data1\" content=\"1 minute\" \/>\n<script type=\"application\/ld+json\" class=\"yoast-schema-graph\">{\"@context\":\"https:\/\/schema.org\",\"@graph\":[{\"@type\":\"WebPage\",\"@id\":\"https:\/\/www.synaxis.be\/?page_id=47\",\"url\":\"https:\/\/www.synaxis.be\/?page_id=47\",\"name\":\"Nos services -\",\"isPartOf\":{\"@id\":\"https:\/\/www.synaxis.be\/#website\"},\"primaryImageOfPage\":{\"@id\":\"https:\/\/www.synaxis.be\/?page_id=47#primaryimage\"},\"image\":{\"@id\":\"https:\/\/www.synaxis.be\/?page_id=47#primaryimage\"},\"thumbnailUrl\":\"http:\/\/www.synaxis.be\/wp-content\/uploads\/2025\/08\/dossier-2.webp\",\"datePublished\":\"2025-08-28T17:05:28+00:00\",\"dateModified\":\"2025-10-05T13:18:31+00:00\",\"breadcrumb\":{\"@id\":\"https:\/\/www.synaxis.be\/?page_id=47#breadcrumb\"},\"inLanguage\":\"fr-BE\",\"potentialAction\":[{\"@type\":\"ReadAction\",\"target\":[\"https:\/\/www.synaxis.be\/?page_id=47\"]}]},{\"@type\":\"ImageObject\",\"inLanguage\":\"fr-BE\",\"@id\":\"https:\/\/www.synaxis.be\/?page_id=47#primaryimage\",\"url\":\"https:\/\/www.synaxis.be\/wp-content\/uploads\/2025\/08\/dossier-2.webp\",\"contentUrl\":\"https:\/\/www.synaxis.be\/wp-content\/uploads\/2025\/08\/dossier-2.webp\",\"width\":512,\"height\":512},{\"@type\":\"BreadcrumbList\",\"@id\":\"https:\/\/www.synaxis.be\/?page_id=47#breadcrumb\",\"itemListElement\":[{\"@type\":\"ListItem\",\"position\":1,\"name\":\"Home\",\"item\":\"https:\/\/www.synaxis.be\/\"},{\"@type\":\"ListItem\",\"position\":2,\"name\":\"Nos services\"}]},{\"@type\":\"WebSite\",\"@id\":\"https:\/\/www.synaxis.be\/#website\",\"url\":\"https:\/\/www.synaxis.be\/\",\"name\":\"Synaxis\",\"description\":\"\",\"publisher\":{\"@id\":\"https:\/\/www.synaxis.be\/#organization\"},\"potentialAction\":[{\"@type\":\"SearchAction\",\"target\":{\"@type\":\"EntryPoint\",\"urlTemplate\":\"https:\/\/www.synaxis.be\/?s={search_term_string}\"},\"query-input\":{\"@type\":\"PropertyValueSpecification\",\"valueRequired\":true,\"valueName\":\"search_term_string\"}}],\"inLanguage\":\"fr-BE\"},{\"@type\":\"Organization\",\"@id\":\"https:\/\/www.synaxis.be\/#organization\",\"name\":\"Synaxis\",\"url\":\"https:\/\/www.synaxis.be\/\",\"logo\":{\"@type\":\"ImageObject\",\"inLanguage\":\"fr-BE\",\"@id\":\"https:\/\/www.synaxis.be\/#\/schema\/logo\/image\/\",\"url\":\"https:\/\/www.synaxis.be\/wp-content\/uploads\/2025\/08\/cropped-SYNAXIS_logo_transparent.webp\",\"contentUrl\":\"https:\/\/www.synaxis.be\/wp-content\/uploads\/2025\/08\/cropped-SYNAXIS_logo_transparent.webp\",\"width\":1178,\"height\":280,\"caption\":\"Synaxis\"},\"image\":{\"@id\":\"https:\/\/www.synaxis.be\/#\/schema\/logo\/image\/\"}}]}<\/script>\n<!-- \/ Yoast SEO plugin. -->","yoast_head_json":{"title":"Nos services -","robots":{"index":"index","follow":"follow","max-snippet":"max-snippet:-1","max-image-preview":"max-image-preview:large","max-video-preview":"max-video-preview:-1"},"canonical":"https:\/\/www.synaxis.be\/?page_id=47","og_locale":"fr_FR","og_type":"article","og_title":"Nos services -","og_description":"Chez Synaxis, nous assurons une gestion compl\u00e8te de votre copropri\u00e9t\u00e9 : administrative, comptable et technique. Administration &#8211; Convocation et organisation [&hellip;]","og_url":"https:\/\/www.synaxis.be\/?page_id=47","article_modified_time":"2025-10-05T13:18:31+00:00","og_image":[{"url":"http:\/\/www.synaxis.be\/wp-content\/uploads\/2025\/08\/dossier-2.webp","type":"","width":"","height":""}],"twitter_card":"summary_large_image","twitter_misc":{"Dur\u00e9e de lecture est.":"1 minute"},"schema":{"@context":"https:\/\/schema.org","@graph":[{"@type":"WebPage","@id":"https:\/\/www.synaxis.be\/?page_id=47","url":"https:\/\/www.synaxis.be\/?page_id=47","name":"Nos services -","isPartOf":{"@id":"https:\/\/www.synaxis.be\/#website"},"primaryImageOfPage":{"@id":"https:\/\/www.synaxis.be\/?page_id=47#primaryimage"},"image":{"@id":"https:\/\/www.synaxis.be\/?page_id=47#primaryimage"},"thumbnailUrl":"http:\/\/www.synaxis.be\/wp-content\/uploads\/2025\/08\/dossier-2.webp","datePublished":"2025-08-28T17:05:28+00:00","dateModified":"2025-10-05T13:18:31+00:00","breadcrumb":{"@id":"https:\/\/www.synaxis.be\/?page_id=47#breadcrumb"},"inLanguage":"fr-BE","potentialAction":[{"@type":"ReadAction","target":["https:\/\/www.synaxis.be\/?page_id=47"]}]},{"@type":"ImageObject","inLanguage":"fr-BE","@id":"https:\/\/www.synaxis.be\/?page_id=47#primaryimage","url":"https:\/\/www.synaxis.be\/wp-content\/uploads\/2025\/08\/dossier-2.webp","contentUrl":"https:\/\/www.synaxis.be\/wp-content\/uploads\/2025\/08\/dossier-2.webp","width":512,"height":512},{"@type":"BreadcrumbList","@id":"https:\/\/www.synaxis.be\/?page_id=47#breadcrumb","itemListElement":[{"@type":"ListItem","position":1,"name":"Home","item":"https:\/\/www.synaxis.be\/"},{"@type":"ListItem","position":2,"name":"Nos services"}]},{"@type":"WebSite","@id":"https:\/\/www.synaxis.be\/#website","url":"https:\/\/www.synaxis.be\/","name":"Synaxis","description":"","publisher":{"@id":"https:\/\/www.synaxis.be\/#organization"},"potentialAction":[{"@type":"SearchAction","target":{"@type":"EntryPoint","urlTemplate":"https:\/\/www.synaxis.be\/?s={search_term_string}"},"query-input":{"@type":"PropertyValueSpecification","valueRequired":true,"valueName":"search_term_string"}}],"inLanguage":"fr-BE"},{"@type":"Organization","@id":"https:\/\/www.synaxis.be\/#organization","name":"Synaxis","url":"https:\/\/www.synaxis.be\/","logo":{"@type":"ImageObject","inLanguage":"fr-BE","@id":"https:\/\/www.synaxis.be\/#\/schema\/logo\/image\/","url":"https:\/\/www.synaxis.be\/wp-content\/uploads\/2025\/08\/cropped-SYNAXIS_logo_transparent.webp","contentUrl":"https:\/\/www.synaxis.be\/wp-content\/uploads\/2025\/08\/cropped-SYNAXIS_logo_transparent.webp","width":1178,"height":280,"caption":"Synaxis"},"image":{"@id":"https:\/\/www.synaxis.be\/#\/schema\/logo\/image\/"}}]}},"_links":{"self":[{"href":"https:\/\/www.synaxis.be\/index.php?rest_route=\/wp\/v2\/pages\/47","targetHints":{"allow":["GET"]}}],"collection":[{"href":"https:\/\/www.synaxis.be\/index.php?rest_route=\/wp\/v2\/pages"}],"about":[{"href":"https:\/\/www.synaxis.be\/index.php?rest_route=\/wp\/v2\/types\/page"}],"author":[{"embeddable":true,"href":"https:\/\/www.synaxis.be\/index.php?rest_route=\/wp\/v2\/users\/1"}],"replies":[{"embeddable":true,"href":"https:\/\/www.synaxis.be\/index.php?rest_route=%2Fwp%2Fv2%2Fcomments&post=47"}],"version-history":[{"count":13,"href":"https:\/\/www.synaxis.be\/index.php?rest_route=\/wp\/v2\/pages\/47\/revisions"}],"predecessor-version":[{"id":144,"href":"https:\/\/www.synaxis.be\/index.php?rest_route=\/wp\/v2\/pages\/47\/revisions\/144"}],"wp:attachment":[{"href":"https:\/\/www.synaxis.be\/index.php?rest_route=%2Fwp%2Fv2%2Fmedia&parent=47"}],"curies":[{"name":"wp","href":"https:\/\/api.w.org\/{rel}","templated":true}]}}