{"id":49,"date":"2025-09-09T15:46:40","date_gmt":"2025-09-09T15:46:40","guid":{"rendered":"http:\/\/www.synaxis.be\/?page_id=49"},"modified":"2025-10-22T16:59:00","modified_gmt":"2025-10-22T16:59:00","slug":"a-propos","status":"publish","type":"page","link":"https:\/\/www.synaxis.be\/?page_id=49","title":{"rendered":"\u00c0 propos"},"content":{"rendered":"\t\t<div data-elementor-type=\"wp-page\" data-elementor-id=\"49\" class=\"elementor elementor-49\">\n\t\t\t\t<div class=\"elementor-element elementor-element-8eaf1cf e-flex e-con-boxed e-con e-parent\" data-id=\"8eaf1cf\" data-element_type=\"container\" data-e-type=\"container\">\n\t\t\t\t\t<div class=\"e-con-inner\">\n\t\t\t\t<div class=\"elementor-element elementor-element-98c7be1 elementor-widget elementor-widget-heading\" data-id=\"98c7be1\" data-element_type=\"widget\" data-e-type=\"widget\" data-widget_type=\"heading.default\">\n\t\t\t\t\t<h2 class=\"elementor-heading-title elementor-size-default\">\u00c0 propos<\/h2>\t\t\t\t<\/div>\n\t\t\t\t<div class=\"elementor-element elementor-element-0427000 elementor-widget elementor-widget-text-editor\" data-id=\"0427000\" data-element_type=\"widget\" data-e-type=\"widget\" data-widget_type=\"text-editor.default\">\n\t\t\t\t\t\t\t\t\t<p>Synaxis est un syndic local bas\u00e9 \u00e0 Saive, qui privil\u00e9gie la transparence, la proximit\u00e9 et le contact humain.<\/p>\t\t\t\t\t\t\t\t<\/div>\n\t\t\t\t<div class=\"elementor-element elementor-element-551d71c elementor-widget elementor-widget-heading\" data-id=\"551d71c\" data-element_type=\"widget\" data-e-type=\"widget\" data-widget_type=\"heading.default\">\n\t\t\t\t\t<h2 class=\"elementor-heading-title elementor-size-default\">Pr\u00e9sentation<\/h2>\t\t\t\t<\/div>\n\t\t\t\t\t<\/div>\n\t\t\t\t<\/div>\n\t\t<div class=\"elementor-element elementor-element-7c2aede e-flex e-con-boxed e-con e-parent\" data-id=\"7c2aede\" data-element_type=\"container\" data-e-type=\"container\">\n\t\t\t\t\t<div class=\"e-con-inner\">\n\t\t<div class=\"elementor-element elementor-element-db9c524 e-con-full e-flex e-con e-child\" data-id=\"db9c524\" data-element_type=\"container\" data-e-type=\"container\">\n\t\t\t\t<div class=\"elementor-element elementor-element-799c8de elementor-widget elementor-widget-image\" data-id=\"799c8de\" data-element_type=\"widget\" data-e-type=\"widget\" data-widget_type=\"image.default\">\n\t\t\t\t\t\t\t\t\t\t\t\t\t\t\t<img fetchpriority=\"high\" decoding=\"async\" width=\"940\" height=\"626\" src=\"https:\/\/www.synaxis.be\/wp-content\/uploads\/2025\/08\/pexels-photo-796602-796602.jpg\" class=\"attachment-large size-large wp-image-34\" alt=\"A clean, minimalist workspace featuring a smartphone, open notepad, pen, and potted succulents.\" srcset=\"https:\/\/www.synaxis.be\/wp-content\/uploads\/2025\/08\/pexels-photo-796602-796602.jpg 940w, https:\/\/www.synaxis.be\/wp-content\/uploads\/2025\/08\/pexels-photo-796602-796602-300x200.jpg 300w, https:\/\/www.synaxis.be\/wp-content\/uploads\/2025\/08\/pexels-photo-796602-796602-768x511.jpg 768w\" sizes=\"(max-width: 940px) 100vw, 940px\" \/>\t\t\t\t\t\t\t\t\t\t\t\t\t\t\t<\/div>\n\t\t\t\t<\/div>\n\t\t<div class=\"elementor-element elementor-element-1103816 e-con-full e-flex e-con e-child\" data-id=\"1103816\" data-element_type=\"container\" data-e-type=\"container\">\n\t\t\t\t<div class=\"elementor-element elementor-element-9c2db59 elementor-widget elementor-widget-text-editor\" data-id=\"9c2db59\" data-element_type=\"widget\" data-e-type=\"widget\" data-widget_type=\"text-editor.default\">\n\t\t\t\t\t\t\t\t\t<p>Je m\u2019appelle <strong data-start=\"963\" data-end=\"981\">Lo\u00efc Heusschen<\/strong>, syndic agr\u00e9\u00e9 IPI 516.985, et j\u2019ai fond\u00e9 <strong data-start=\"1032\" data-end=\"1043\">Synaxis<\/strong> afin d\u2019offrir une gestion de copropri\u00e9t\u00e9s claire et rigoureuse, et d&rsquo;offrir \u00e0 mes clients une gestion selon ma vision du m\u00e9tier de syndic.<\/p>\t\t\t\t\t\t\t\t<\/div>\n\t\t\t\t<\/div>\n\t\t\t\t\t<\/div>\n\t\t\t\t<\/div>\n\t\t<div class=\"elementor-element elementor-element-1df56ba e-flex e-con-boxed e-con e-parent\" data-id=\"1df56ba\" data-element_type=\"container\" data-e-type=\"container\">\n\t\t\t\t\t<div class=\"e-con-inner\">\n\t\t\t\t<div class=\"elementor-element elementor-element-c0f7e82 elementor-widget elementor-widget-heading\" data-id=\"c0f7e82\" data-element_type=\"widget\" data-e-type=\"widget\" data-widget_type=\"heading.default\">\n\t\t\t\t\t<h2 class=\"elementor-heading-title elementor-size-default\">Mon approche<\/h2>\t\t\t\t<\/div>\n\t\t\t\t<div class=\"elementor-element elementor-element-d2616dd elementor-widget elementor-widget-text-editor\" data-id=\"d2616dd\" data-element_type=\"widget\" data-e-type=\"widget\" data-widget_type=\"text-editor.default\">\n\t\t\t\t\t\t\t\t\t<p>Contrairement aux grandes structures impersonnelles, je suis un <strong data-start=\"1271\" data-end=\"1287\">syndic local<\/strong> qui privil\u00e9gie le <strong data-start=\"1306\" data-end=\"1324\">contact direct<\/strong> avec les copropri\u00e9taires.<br data-start=\"1350\" data-end=\"1353\" \/>Je n\u2019h\u00e9site pas \u00e0 me d\u00e9placer et \u00e0 rencontrer les r\u00e9sidents pour mieux comprendre leurs besoins et assurer un suivi personnalis\u00e9.<\/p>\t\t\t\t\t\t\t\t<\/div>\n\t\t\t\t<div class=\"elementor-element elementor-element-e192930 elementor-widget elementor-widget-heading\" data-id=\"e192930\" data-element_type=\"widget\" data-e-type=\"widget\" data-widget_type=\"heading.default\">\n\t\t\t\t\t<h2 class=\"elementor-heading-title elementor-size-default\">Mes valeurs<\/h2>\t\t\t\t<\/div>\n\t\t\t\t\t<\/div>\n\t\t\t\t<\/div>\n\t\t<div class=\"elementor-element elementor-element-c3f43f7 e-flex e-con-boxed e-con e-parent\" data-id=\"c3f43f7\" data-element_type=\"container\" data-e-type=\"container\">\n\t\t\t\t\t<div class=\"e-con-inner\">\n\t\t<div class=\"elementor-element elementor-element-bb1e708 e-con-full e-flex e-con e-child\" data-id=\"bb1e708\" data-element_type=\"container\" data-e-type=\"container\">\n\t\t\t\t<div class=\"elementor-element elementor-element-dfc6bbe elementor-widget elementor-widget-text-editor\" data-id=\"dfc6bbe\" data-element_type=\"widget\" data-e-type=\"widget\" data-widget_type=\"text-editor.default\">\n\t\t\t\t\t\t\t\t\t<p data-start=\"1737\" data-end=\"1797\">\ud83d\udd0e <strong data-start=\"1740\" data-end=\"1756\">Transparence<\/strong> : une gestion claire et sans surprise.<\/p>\t\t\t\t\t\t\t\t<\/div>\n\t\t\t\t<\/div>\n\t\t<div class=\"elementor-element elementor-element-07c568f e-con-full e-flex e-con e-child\" data-id=\"07c568f\" data-element_type=\"container\" data-e-type=\"container\">\n\t\t\t\t<div class=\"elementor-element elementor-element-42ea342 elementor-widget elementor-widget-text-editor\" data-id=\"42ea342\" data-element_type=\"widget\" data-e-type=\"widget\" data-widget_type=\"text-editor.default\">\n\t\t\t\t\t\t\t\t\t<p>\ud83d\udcde <strong data-start=\"1803\" data-end=\"1820\">Disponibilit\u00e9<\/strong> : un syndic r\u00e9actif et joignable facilement.<\/p>\t\t\t\t\t\t\t\t<\/div>\n\t\t\t\t<\/div>\n\t\t<div class=\"elementor-element elementor-element-3946870 e-con-full e-flex e-con e-child\" data-id=\"3946870\" data-element_type=\"container\" data-e-type=\"container\">\n\t\t\t\t<div class=\"elementor-element elementor-element-1194a5e elementor-widget elementor-widget-text-editor\" data-id=\"1194a5e\" data-element_type=\"widget\" data-e-type=\"widget\" data-widget_type=\"text-editor.default\">\n\t\t\t\t\t\t\t\t\t<p>\ud83d\udcca <strong data-start=\"1873\" data-end=\"1884\">Rigueur<\/strong> : une comptabilit\u00e9 et un suivi technique conformes \u00e0 la loi.<\/p>\t\t\t\t\t\t\t\t<\/div>\n\t\t\t\t<\/div>\n\t\t<div class=\"elementor-element elementor-element-6b0014a e-con-full e-flex e-con e-child\" data-id=\"6b0014a\" data-element_type=\"container\" data-e-type=\"container\">\n\t\t\t\t<div class=\"elementor-element elementor-element-14f0e19 elementor-widget elementor-widget-text-editor\" data-id=\"14f0e19\" data-element_type=\"widget\" data-e-type=\"widget\" data-widget_type=\"text-editor.default\">\n\t\t\t\t\t\t\t\t\t<p>\ud83e\udd1d <strong data-start=\"1953\" data-end=\"1966\">Proximit\u00e9<\/strong> : pr\u00e9sence r\u00e9guli\u00e8re et accompagnement humain.<\/p>\t\t\t\t\t\t\t\t<\/div>\n\t\t\t\t<\/div>\n\t\t\t\t\t<\/div>\n\t\t\t\t<\/div>\n\t\t<div class=\"elementor-element elementor-element-ce271ff e-flex e-con-boxed e-con e-parent\" data-id=\"ce271ff\" data-element_type=\"container\" data-e-type=\"container\">\n\t\t\t\t\t<div class=\"e-con-inner\">\n\t\t\t\t<div class=\"elementor-element elementor-element-c2a565f elementor-widget elementor-widget-heading\" data-id=\"c2a565f\" data-element_type=\"widget\" data-e-type=\"widget\" data-widget_type=\"heading.default\">\n\t\t\t\t\t<h2 class=\"elementor-heading-title elementor-size-default\">Conclusion<\/h2>\t\t\t\t<\/div>\n\t\t\t\t<div class=\"elementor-element elementor-element-6671930 elementor-widget elementor-widget-text-editor\" data-id=\"6671930\" data-element_type=\"widget\" data-e-type=\"widget\" data-widget_type=\"text-editor.default\">\n\t\t\t\t\t\t\t\t\t<p>Avec Synaxis, chaque copropri\u00e9t\u00e9 b\u00e9n\u00e9ficie d\u2019un accompagnement sp\u00e9cifique et privil\u00e9gi\u00e9, o\u00f9 chaque d\u00e9cision est expliqu\u00e9e et chaque copropri\u00e9taire \u00e9cout\u00e9.<br data-start=\"2256\" data-end=\"2259\">Mon objectif : <strong data-start=\"2278\" data-end=\"2366\">assurer la s\u00e9r\u00e9nit\u00e9 de votre immeuble et la confiance entre tous<\/strong>.<\/p>\t\t\t\t\t\t\t\t<\/div>\n\t\t\t\t\t<\/div>\n\t\t\t\t<\/div>\n\t\t\t\t<\/div>\n\t\t","protected":false},"excerpt":{"rendered":"<p>\u00c0 propos Synaxis est un syndic local bas\u00e9 \u00e0 Saive, qui privil\u00e9gie la transparence, la proximit\u00e9 et le contact humain. [&hellip;]<\/p>\n","protected":false},"author":1,"featured_media":0,"parent":0,"menu_order":0,"comment_status":"closed","ping_status":"closed","template":"","meta":{"site-sidebar-layout":"no-sidebar","site-content-layout":"","ast-site-content-layout":"full-width-container","site-content-style":"default","site-sidebar-style":"default","ast-global-header-display":"","ast-banner-title-visibility":"","ast-main-header-display":"","ast-hfb-above-header-display":"","ast-hfb-below-header-display":"","ast-hfb-mobile-header-display":"","site-post-title":"disabled","ast-breadcrumbs-content":"","ast-featured-img":"disabled","footer-sml-layout":"","theme-transparent-header-meta":"enabled","adv-header-id-meta":"","stick-header-meta":"","header-above-stick-meta":"","header-main-stick-meta":"","header-below-stick-meta":"","astra-migrate-meta-layouts":"default","ast-page-background-enabled":"default","ast-page-background-meta":{"desktop":{"background-color":"var(--ast-global-color-5)","background-image":"","background-repeat":"repeat","background-position":"center center","background-size":"auto","background-attachment":"scroll","background-type":"","background-media":"","overlay-type":"","overlay-color":"","overlay-opacity":"","overlay-gradient":""},"tablet":{"background-color":"","background-image":"","background-repeat":"repeat","background-position":"center center","background-size":"auto","background-attachment":"scroll","background-type":"","background-media":"","overlay-type":"","overlay-color":"","overlay-opacity":"","overlay-gradient":""},"mobile":{"background-color":"","background-image":"","background-repeat":"repeat","background-position":"center center","background-size":"auto","background-attachment":"scroll","background-type":"","background-media":"","overlay-type":"","overlay-color":"","overlay-opacity":"","overlay-gradient":""}},"ast-content-background-meta":{"desktop":{"background-color":"var(--ast-global-color-4)","background-image":"","background-repeat":"repeat","background-position":"center center","background-size":"auto","background-attachment":"scroll","background-type":"","background-media":"","overlay-type":"","overlay-color":"","overlay-opacity":"","overlay-gradient":""},"tablet":{"background-color":"var(--ast-global-color-4)","background-image":"","background-repeat":"repeat","background-position":"center center","background-size":"auto","background-attachment":"scroll","background-type":"","background-media":"","overlay-type":"","overlay-color":"","overlay-opacity":"","overlay-gradient":""},"mobile":{"background-color":"var(--ast-global-color-4)","background-image":"","background-repeat":"repeat","background-position":"center center","background-size":"auto","background-attachment":"scroll","background-type":"","background-media":"","overlay-type":"","overlay-color":"","overlay-opacity":"","overlay-gradient":""}},"footnotes":""},"class_list":["post-49","page","type-page","status-publish","hentry"],"yoast_head":"<!-- This site is optimized with the Yoast SEO plugin v27.2 - https:\/\/yoast.com\/product\/yoast-seo-wordpress\/ -->\n<title>\u00c0 propos -<\/title>\n<meta name=\"robots\" content=\"index, follow, max-snippet:-1, max-image-preview:large, max-video-preview:-1\" \/>\n<link rel=\"canonical\" href=\"https:\/\/www.synaxis.be\/?page_id=49\" \/>\n<meta property=\"og:locale\" content=\"fr_FR\" \/>\n<meta property=\"og:type\" content=\"article\" \/>\n<meta property=\"og:title\" content=\"\u00c0 propos -\" \/>\n<meta property=\"og:description\" content=\"\u00c0 propos Synaxis est un syndic local bas\u00e9 \u00e0 Saive, qui privil\u00e9gie la transparence, la proximit\u00e9 et le contact humain. [&hellip;]\" \/>\n<meta property=\"og:url\" content=\"https:\/\/www.synaxis.be\/?page_id=49\" \/>\n<meta property=\"article:modified_time\" content=\"2025-10-22T16:59:00+00:00\" \/>\n<meta property=\"og:image\" content=\"https:\/\/www.synaxis.be\/wp-content\/uploads\/2025\/08\/pexels-photo-796602-796602.jpg\" \/>\n\t<meta property=\"og:image:width\" content=\"940\" \/>\n\t<meta property=\"og:image:height\" content=\"626\" \/>\n\t<meta property=\"og:image:type\" content=\"image\/jpeg\" \/>\n<meta name=\"twitter:card\" content=\"summary_large_image\" \/>\n<meta name=\"twitter:label1\" content=\"Dur\u00e9e de lecture est.\" \/>\n\t<meta name=\"twitter:data1\" content=\"2 minutes\" \/>\n<script type=\"application\/ld+json\" class=\"yoast-schema-graph\">{\"@context\":\"https:\/\/schema.org\",\"@graph\":[{\"@type\":\"WebPage\",\"@id\":\"https:\/\/www.synaxis.be\/?page_id=49\",\"url\":\"https:\/\/www.synaxis.be\/?page_id=49\",\"name\":\"\u00c0 propos -\",\"isPartOf\":{\"@id\":\"https:\/\/www.synaxis.be\/#website\"},\"primaryImageOfPage\":{\"@id\":\"https:\/\/www.synaxis.be\/?page_id=49#primaryimage\"},\"image\":{\"@id\":\"https:\/\/www.synaxis.be\/?page_id=49#primaryimage\"},\"thumbnailUrl\":\"https:\/\/www.synaxis.be\/wp-content\/uploads\/2025\/08\/pexels-photo-796602-796602.jpg\",\"datePublished\":\"2025-09-09T15:46:40+00:00\",\"dateModified\":\"2025-10-22T16:59:00+00:00\",\"breadcrumb\":{\"@id\":\"https:\/\/www.synaxis.be\/?page_id=49#breadcrumb\"},\"inLanguage\":\"fr-BE\",\"potentialAction\":[{\"@type\":\"ReadAction\",\"target\":[\"https:\/\/www.synaxis.be\/?page_id=49\"]}]},{\"@type\":\"ImageObject\",\"inLanguage\":\"fr-BE\",\"@id\":\"https:\/\/www.synaxis.be\/?page_id=49#primaryimage\",\"url\":\"https:\/\/www.synaxis.be\/wp-content\/uploads\/2025\/08\/pexels-photo-796602-796602.jpg\",\"contentUrl\":\"https:\/\/www.synaxis.be\/wp-content\/uploads\/2025\/08\/pexels-photo-796602-796602.jpg\",\"width\":940,\"height\":626,\"caption\":\"A clean, minimalist workspace featuring a smartphone, open notepad, pen, and potted succulents.\"},{\"@type\":\"BreadcrumbList\",\"@id\":\"https:\/\/www.synaxis.be\/?page_id=49#breadcrumb\",\"itemListElement\":[{\"@type\":\"ListItem\",\"position\":1,\"name\":\"Home\",\"item\":\"https:\/\/www.synaxis.be\/\"},{\"@type\":\"ListItem\",\"position\":2,\"name\":\"\u00c0 propos\"}]},{\"@type\":\"WebSite\",\"@id\":\"https:\/\/www.synaxis.be\/#website\",\"url\":\"https:\/\/www.synaxis.be\/\",\"name\":\"Synaxis\",\"description\":\"\",\"publisher\":{\"@id\":\"https:\/\/www.synaxis.be\/#organization\"},\"potentialAction\":[{\"@type\":\"SearchAction\",\"target\":{\"@type\":\"EntryPoint\",\"urlTemplate\":\"https:\/\/www.synaxis.be\/?s={search_term_string}\"},\"query-input\":{\"@type\":\"PropertyValueSpecification\",\"valueRequired\":true,\"valueName\":\"search_term_string\"}}],\"inLanguage\":\"fr-BE\"},{\"@type\":\"Organization\",\"@id\":\"https:\/\/www.synaxis.be\/#organization\",\"name\":\"Synaxis\",\"url\":\"https:\/\/www.synaxis.be\/\",\"logo\":{\"@type\":\"ImageObject\",\"inLanguage\":\"fr-BE\",\"@id\":\"https:\/\/www.synaxis.be\/#\/schema\/logo\/image\/\",\"url\":\"https:\/\/www.synaxis.be\/wp-content\/uploads\/2025\/08\/cropped-SYNAXIS_logo_transparent.webp\",\"contentUrl\":\"https:\/\/www.synaxis.be\/wp-content\/uploads\/2025\/08\/cropped-SYNAXIS_logo_transparent.webp\",\"width\":1178,\"height\":280,\"caption\":\"Synaxis\"},\"image\":{\"@id\":\"https:\/\/www.synaxis.be\/#\/schema\/logo\/image\/\"}}]}<\/script>\n<!-- \/ Yoast SEO plugin. -->","yoast_head_json":{"title":"\u00c0 propos -","robots":{"index":"index","follow":"follow","max-snippet":"max-snippet:-1","max-image-preview":"max-image-preview:large","max-video-preview":"max-video-preview:-1"},"canonical":"https:\/\/www.synaxis.be\/?page_id=49","og_locale":"fr_FR","og_type":"article","og_title":"\u00c0 propos -","og_description":"\u00c0 propos Synaxis est un syndic local bas\u00e9 \u00e0 Saive, qui privil\u00e9gie la transparence, la proximit\u00e9 et le contact humain. [&hellip;]","og_url":"https:\/\/www.synaxis.be\/?page_id=49","article_modified_time":"2025-10-22T16:59:00+00:00","og_image":[{"width":940,"height":626,"url":"https:\/\/www.synaxis.be\/wp-content\/uploads\/2025\/08\/pexels-photo-796602-796602.jpg","type":"image\/jpeg"}],"twitter_card":"summary_large_image","twitter_misc":{"Dur\u00e9e de lecture est.":"2 minutes"},"schema":{"@context":"https:\/\/schema.org","@graph":[{"@type":"WebPage","@id":"https:\/\/www.synaxis.be\/?page_id=49","url":"https:\/\/www.synaxis.be\/?page_id=49","name":"\u00c0 propos -","isPartOf":{"@id":"https:\/\/www.synaxis.be\/#website"},"primaryImageOfPage":{"@id":"https:\/\/www.synaxis.be\/?page_id=49#primaryimage"},"image":{"@id":"https:\/\/www.synaxis.be\/?page_id=49#primaryimage"},"thumbnailUrl":"https:\/\/www.synaxis.be\/wp-content\/uploads\/2025\/08\/pexels-photo-796602-796602.jpg","datePublished":"2025-09-09T15:46:40+00:00","dateModified":"2025-10-22T16:59:00+00:00","breadcrumb":{"@id":"https:\/\/www.synaxis.be\/?page_id=49#breadcrumb"},"inLanguage":"fr-BE","potentialAction":[{"@type":"ReadAction","target":["https:\/\/www.synaxis.be\/?page_id=49"]}]},{"@type":"ImageObject","inLanguage":"fr-BE","@id":"https:\/\/www.synaxis.be\/?page_id=49#primaryimage","url":"https:\/\/www.synaxis.be\/wp-content\/uploads\/2025\/08\/pexels-photo-796602-796602.jpg","contentUrl":"https:\/\/www.synaxis.be\/wp-content\/uploads\/2025\/08\/pexels-photo-796602-796602.jpg","width":940,"height":626,"caption":"A clean, minimalist workspace featuring a smartphone, open notepad, pen, and potted succulents."},{"@type":"BreadcrumbList","@id":"https:\/\/www.synaxis.be\/?page_id=49#breadcrumb","itemListElement":[{"@type":"ListItem","position":1,"name":"Home","item":"https:\/\/www.synaxis.be\/"},{"@type":"ListItem","position":2,"name":"\u00c0 propos"}]},{"@type":"WebSite","@id":"https:\/\/www.synaxis.be\/#website","url":"https:\/\/www.synaxis.be\/","name":"Synaxis","description":"","publisher":{"@id":"https:\/\/www.synaxis.be\/#organization"},"potentialAction":[{"@type":"SearchAction","target":{"@type":"EntryPoint","urlTemplate":"https:\/\/www.synaxis.be\/?s={search_term_string}"},"query-input":{"@type":"PropertyValueSpecification","valueRequired":true,"valueName":"search_term_string"}}],"inLanguage":"fr-BE"},{"@type":"Organization","@id":"https:\/\/www.synaxis.be\/#organization","name":"Synaxis","url":"https:\/\/www.synaxis.be\/","logo":{"@type":"ImageObject","inLanguage":"fr-BE","@id":"https:\/\/www.synaxis.be\/#\/schema\/logo\/image\/","url":"https:\/\/www.synaxis.be\/wp-content\/uploads\/2025\/08\/cropped-SYNAXIS_logo_transparent.webp","contentUrl":"https:\/\/www.synaxis.be\/wp-content\/uploads\/2025\/08\/cropped-SYNAXIS_logo_transparent.webp","width":1178,"height":280,"caption":"Synaxis"},"image":{"@id":"https:\/\/www.synaxis.be\/#\/schema\/logo\/image\/"}}]}},"_links":{"self":[{"href":"https:\/\/www.synaxis.be\/index.php?rest_route=\/wp\/v2\/pages\/49","targetHints":{"allow":["GET"]}}],"collection":[{"href":"https:\/\/www.synaxis.be\/index.php?rest_route=\/wp\/v2\/pages"}],"about":[{"href":"https:\/\/www.synaxis.be\/index.php?rest_route=\/wp\/v2\/types\/page"}],"author":[{"embeddable":true,"href":"https:\/\/www.synaxis.be\/index.php?rest_route=\/wp\/v2\/users\/1"}],"replies":[{"embeddable":true,"href":"https:\/\/www.synaxis.be\/index.php?rest_route=%2Fwp%2Fv2%2Fcomments&post=49"}],"version-history":[{"count":13,"href":"https:\/\/www.synaxis.be\/index.php?rest_route=\/wp\/v2\/pages\/49\/revisions"}],"predecessor-version":[{"id":194,"href":"https:\/\/www.synaxis.be\/index.php?rest_route=\/wp\/v2\/pages\/49\/revisions\/194"}],"wp:attachment":[{"href":"https:\/\/www.synaxis.be\/index.php?rest_route=%2Fwp%2Fv2%2Fmedia&parent=49"}],"curies":[{"name":"wp","href":"https:\/\/api.w.org\/{rel}","templated":true}]}}