{"id":51,"date":"2025-09-09T15:58:51","date_gmt":"2025-09-09T15:58:51","guid":{"rendered":"http:\/\/www.synaxis.be\/?page_id=51"},"modified":"2025-10-05T16:10:32","modified_gmt":"2025-10-05T16:10:32","slug":"contact","status":"publish","type":"page","link":"https:\/\/www.synaxis.be\/?page_id=51","title":{"rendered":"Contact"},"content":{"rendered":"\t\t<div data-elementor-type=\"wp-page\" data-elementor-id=\"51\" class=\"elementor elementor-51\">\n\t\t\t\t<div class=\"elementor-element elementor-element-96bcf64 e-flex e-con-boxed e-con e-parent\" data-id=\"96bcf64\" data-element_type=\"container\" data-e-type=\"container\">\n\t\t\t\t\t<div class=\"e-con-inner\">\n\t\t\t\t<div class=\"elementor-element elementor-element-3ce2262 elementor-widget elementor-widget-text-editor\" data-id=\"3ce2262\" data-element_type=\"widget\" data-e-type=\"widget\" data-widget_type=\"text-editor.default\">\n\t\t\t\t\t\t\t\t\t<p>Vous souhaitez des informations ou une offre personnalis\u00e9e ?<br data-start=\"526\" data-end=\"529\" \/>Contactez-nous, nous r\u00e9pondrons rapidement \u00e0 votre demande.<\/p>\t\t\t\t\t\t\t\t<\/div>\n\t\t\t\t<div class=\"elementor-element elementor-element-f3c7883 elementor-widget elementor-widget-heading\" data-id=\"f3c7883\" data-element_type=\"widget\" data-e-type=\"widget\" data-widget_type=\"heading.default\">\n\t\t\t\t\t<h2 class=\"elementor-heading-title elementor-size-default\">Coordonn\u00e9es<\/h2>\t\t\t\t<\/div>\n\t\t\t\t\t<\/div>\n\t\t\t\t<\/div>\n\t\t<div class=\"elementor-element elementor-element-184956d e-grid e-con-boxed e-con e-parent\" data-id=\"184956d\" data-element_type=\"container\" data-e-type=\"container\">\n\t\t\t\t\t<div class=\"e-con-inner\">\n\t\t\t\t<div class=\"elementor-element elementor-element-09973d7 elementor-widget elementor-widget-text-editor\" data-id=\"09973d7\" data-element_type=\"widget\" data-e-type=\"widget\" data-widget_type=\"text-editor.default\">\n\t\t\t\t\t\t\t\t\t<p>\ud83d\udccd Adresse : Rue de la Motte, 82 \u2013 4671 Saive<\/p>\t\t\t\t\t\t\t\t<\/div>\n\t\t\t\t<div class=\"elementor-element elementor-element-c02987b elementor-widget elementor-widget-text-editor\" data-id=\"c02987b\" data-element_type=\"widget\" data-e-type=\"widget\" data-widget_type=\"text-editor.default\">\n\t\t\t\t\t\t\t\t\t<p>\ud83d\udcde T\u00e9l\u00e9phone : <a href=\"http:\/\/&lt;a href=&quot;tel:+32477888684&quot;&gt;0477\/88.86.84&lt;\/a&gt;\">0477\/88.86.84<\/a><\/p>\t\t\t\t\t\t\t\t<\/div>\n\t\t\t\t<div class=\"elementor-element elementor-element-4d523fc elementor-widget elementor-widget-text-editor\" data-id=\"4d523fc\" data-element_type=\"widget\" data-e-type=\"widget\" data-widget_type=\"text-editor.default\">\n\t\t\t\t\t\t\t\t\t\u2709\ufe0f Email : <a href=\"mailto:info@synaxis.be\">info@synaxis.be<\/a>\t\t\t\t\t\t\t\t<\/div>\n\t\t\t\t\t<\/div>\n\t\t\t\t<\/div>\n\t\t<div class=\"elementor-element elementor-element-2e028fb e-flex e-con-boxed e-con e-parent\" data-id=\"2e028fb\" data-element_type=\"container\" data-e-type=\"container\">\n\t\t\t\t\t<div class=\"e-con-inner\">\n\t\t\t\t<div class=\"elementor-element elementor-element-b570090 elementor-widget elementor-widget-wpforms\" data-id=\"b570090\" data-element_type=\"widget\" data-e-type=\"widget\" data-widget_type=\"wpforms.default\">\n\t\t\t\t<div class=\"elementor-widget-container\">\n\t\t\t\t\t<div class=\"wpforms-container wpforms-container-full wpforms-render-modern\" id=\"wpforms-92\"><form id=\"wpforms-form-92\" class=\"wpforms-validate wpforms-form wpforms-ajax-form\" data-formid=\"92\" method=\"post\" enctype=\"multipart\/form-data\" action=\"\/index.php?rest_route=%2Fwp%2Fv2%2Fpages%2F51\" data-token=\"db7d7331d334cdef04f3a363471d9a8f\" data-token-time=\"1776520295\"><noscript class=\"wpforms-error-noscript\">Veuillez activer JavaScript dans votre navigateur pour remplir ce formulaire.<\/noscript><div id=\"wpforms-error-noscript\" style=\"display: none;\">Veuillez activer JavaScript dans votre navigateur pour remplir ce formulaire.<\/div><div class=\"wpforms-field-container\"><div id=\"wpforms-92-field_1-container\" class=\"wpforms-field wpforms-field-name\" data-field-id=\"1\"><fieldset><legend class=\"wpforms-field-label\">Nom <span class=\"wpforms-required-label\" aria-hidden=\"true\">*<\/span><\/legend><div class=\"wpforms-field-row wpforms-field-medium\"><div class=\"wpforms-field-row-block wpforms-first wpforms-one-half\"><input type=\"text\" id=\"wpforms-92-field_1\" class=\"wpforms-field-name-first wpforms-field-required\" name=\"wpforms[fields][1][first]\" aria-errormessage=\"wpforms-92-field_1-error\" required><label for=\"wpforms-92-field_1\" class=\"wpforms-field-sublabel after\">Pr\u00e9nom<\/label><\/div><div class=\"wpforms-field-row-block wpforms-one-half\"><input type=\"text\" id=\"wpforms-92-field_1-last\" class=\"wpforms-field-name-last wpforms-field-required\" name=\"wpforms[fields][1][last]\" aria-errormessage=\"wpforms-92-field_1-last-error\" required><label for=\"wpforms-92-field_1-last\" class=\"wpforms-field-sublabel after\">Nom<\/label><\/div><\/div><\/fieldset><\/div>\t\t<div id=\"wpforms-92-field_4-container\"\n\t\t\tclass=\"wpforms-field wpforms-field-text\"\n\t\t\tdata-field-type=\"text\"\n\t\t\tdata-field-id=\"4\"\n\t\t\t>\n\t\t\t<label class=\"wpforms-field-label\" for=\"wpforms-92-field_4\" >ou E-mail Commentaire<\/label>\n\t\t\t<input type=\"text\" id=\"wpforms-92-field_4\" class=\"wpforms-field-medium\" name=\"wpforms[fields][4]\" >\n\t\t<\/div>\n\t\t<div id=\"wpforms-92-field_2-container\" class=\"wpforms-field wpforms-field-email\" data-field-id=\"2\"><label class=\"wpforms-field-label\" for=\"wpforms-92-field_2\">E-mail <span class=\"wpforms-required-label\" aria-hidden=\"true\">*<\/span><\/label><input type=\"email\" id=\"wpforms-92-field_2\" class=\"wpforms-field-medium wpforms-field-required\" name=\"wpforms[fields][2]\" spellcheck=\"false\" aria-errormessage=\"wpforms-92-field_2-error\" required><\/div><div id=\"wpforms-92-field_3-container\" class=\"wpforms-field wpforms-field-textarea\" data-field-id=\"3\"><label class=\"wpforms-field-label\" for=\"wpforms-92-field_3\">Commentaire ou message<\/label><textarea id=\"wpforms-92-field_3\" class=\"wpforms-field-medium\" name=\"wpforms[fields][3]\" aria-errormessage=\"wpforms-92-field_3-error\" ><\/textarea><\/div><script>\n\t\t\t\t( function() {\n\t\t\t\t\tconst style = document.createElement( 'style' );\n\t\t\t\t\tstyle.appendChild( document.createTextNode( '#wpforms-92-field_4-container { position: absolute !important; overflow: hidden !important; display: inline !important; height: 1px !important; width: 1px !important; z-index: -1000 !important; padding: 0 !important; } #wpforms-92-field_4-container input { visibility: hidden; } #wpforms-conversational-form-page #wpforms-92-field_4-container label { counter-increment: none; }' ) );\n\t\t\t\t\tdocument.head.appendChild( style );\n\t\t\t\t\tdocument.currentScript?.remove();\n\t\t\t\t} )();\n\t\t\t<\/script><\/div><!-- .wpforms-field-container --><div class=\"wpforms-submit-container\" ><input type=\"hidden\" name=\"wpforms[id]\" value=\"92\"><input type=\"hidden\" name=\"page_title\" value=\"\"><input type=\"hidden\" name=\"page_url\" value=\"https:\/\/www.synaxis.be\/index.php?rest_route=\/wp\/v2\/pages\/51\"><input type=\"hidden\" name=\"url_referer\" value=\"\"><button type=\"submit\" name=\"wpforms[submit]\" id=\"wpforms-submit-92\" class=\"wpforms-submit\" data-alt-text=\"Envoi...\" data-submit-text=\"Envoyer\" aria-live=\"assertive\" value=\"wpforms-submit\">Envoyer<\/button><img decoding=\"async\" src=\"https:\/\/www.synaxis.be\/wp-content\/plugins\/wpforms-lite\/assets\/images\/submit-spin.svg\" class=\"wpforms-submit-spinner\" style=\"display: none;\" width=\"26\" height=\"26\" alt=\"Chargement en cours\"><\/div><\/form><\/div>  <!-- .wpforms-container -->\t\t\t\t<\/div>\n\t\t\t\t<\/div>\n\t\t\t\t<div class=\"elementor-element elementor-element-6be5dcd elementor-widget elementor-widget-google_maps\" data-id=\"6be5dcd\" data-element_type=\"widget\" data-e-type=\"widget\" data-widget_type=\"google_maps.default\">\n\t\t\t\t\t\t\t<div class=\"elementor-custom-embed\">\n\t\t\t<iframe loading=\"lazy\"\n\t\t\t\t\tsrc=\"https:\/\/maps.google.com\/maps?q=Rue%20de%20la%20Motte%2C%2082%204671%20SAIVE&#038;t=m&#038;z=11&#038;output=embed&#038;iwloc=near\"\n\t\t\t\t\ttitle=\"Rue de la Motte, 82 4671 SAIVE\"\n\t\t\t\t\taria-label=\"Rue de la Motte, 82 4671 SAIVE\"\n\t\t\t><\/iframe>\n\t\t<\/div>\n\t\t\t\t\t\t<\/div>\n\t\t\t\t\t<\/div>\n\t\t\t\t<\/div>\n\t\t\t\t<\/div>\n\t\t","protected":false},"excerpt":{"rendered":"<p>Vous souhaitez des informations ou une offre personnalis\u00e9e ?Contactez-nous, nous r\u00e9pondrons rapidement \u00e0 votre demande. Coordonn\u00e9es \ud83d\udccd Adresse : Rue [&hellip;]<\/p>\n","protected":false},"author":1,"featured_media":0,"parent":0,"menu_order":0,"comment_status":"closed","ping_status":"closed","template":"","meta":{"site-sidebar-layout":"no-sidebar","site-content-layout":"","ast-site-content-layout":"full-width-container","site-content-style":"default","site-sidebar-style":"default","ast-global-header-display":"","ast-banner-title-visibility":"","ast-main-header-display":"","ast-hfb-above-header-display":"","ast-hfb-below-header-display":"","ast-hfb-mobile-header-display":"","site-post-title":"disabled","ast-breadcrumbs-content":"","ast-featured-img":"disabled","footer-sml-layout":"","theme-transparent-header-meta":"enabled","adv-header-id-meta":"","stick-header-meta":"","header-above-stick-meta":"","header-main-stick-meta":"","header-below-stick-meta":"","astra-migrate-meta-layouts":"default","ast-page-background-enabled":"default","ast-page-background-meta":{"desktop":{"background-color":"var(--ast-global-color-5)","background-image":"","background-repeat":"repeat","background-position":"center center","background-size":"auto","background-attachment":"scroll","background-type":"","background-media":"","overlay-type":"","overlay-color":"","overlay-opacity":"","overlay-gradient":""},"tablet":{"background-color":"","background-image":"","background-repeat":"repeat","background-position":"center center","background-size":"auto","background-attachment":"scroll","background-type":"","background-media":"","overlay-type":"","overlay-color":"","overlay-opacity":"","overlay-gradient":""},"mobile":{"background-color":"","background-image":"","background-repeat":"repeat","background-position":"center center","background-size":"auto","background-attachment":"scroll","background-type":"","background-media":"","overlay-type":"","overlay-color":"","overlay-opacity":"","overlay-gradient":""}},"ast-content-background-meta":{"desktop":{"background-color":"var(--ast-global-color-4)","background-image":"","background-repeat":"repeat","background-position":"center center","background-size":"auto","background-attachment":"scroll","background-type":"","background-media":"","overlay-type":"","overlay-color":"","overlay-opacity":"","overlay-gradient":""},"tablet":{"background-color":"var(--ast-global-color-4)","background-image":"","background-repeat":"repeat","background-position":"center center","background-size":"auto","background-attachment":"scroll","background-type":"","background-media":"","overlay-type":"","overlay-color":"","overlay-opacity":"","overlay-gradient":""},"mobile":{"background-color":"var(--ast-global-color-4)","background-image":"","background-repeat":"repeat","background-position":"center center","background-size":"auto","background-attachment":"scroll","background-type":"","background-media":"","overlay-type":"","overlay-color":"","overlay-opacity":"","overlay-gradient":""}},"footnotes":""},"class_list":["post-51","page","type-page","status-publish","hentry"],"yoast_head":"<!-- This site is optimized with the Yoast SEO plugin v27.2 - https:\/\/yoast.com\/product\/yoast-seo-wordpress\/ -->\n<title>Contact -<\/title>\n<meta name=\"robots\" content=\"index, follow, max-snippet:-1, max-image-preview:large, max-video-preview:-1\" \/>\n<link rel=\"canonical\" href=\"https:\/\/www.synaxis.be\/?page_id=51\" \/>\n<meta property=\"og:locale\" content=\"fr_FR\" \/>\n<meta property=\"og:type\" content=\"article\" \/>\n<meta property=\"og:title\" content=\"Contact -\" \/>\n<meta property=\"og:description\" content=\"Vous souhaitez des informations ou une offre personnalis\u00e9e ?Contactez-nous, nous r\u00e9pondrons rapidement \u00e0 votre demande. Coordonn\u00e9es \ud83d\udccd Adresse : Rue [&hellip;]\" \/>\n<meta property=\"og:url\" content=\"https:\/\/www.synaxis.be\/?page_id=51\" \/>\n<meta property=\"article:modified_time\" content=\"2025-10-05T16:10:32+00:00\" \/>\n<meta property=\"og:image\" content=\"http:\/\/www.synaxis.be\/wp-content\/plugins\/wpforms-lite\/assets\/images\/submit-spin.svg\" \/>\n<meta name=\"twitter:card\" content=\"summary_large_image\" \/>\n<meta name=\"twitter:label1\" content=\"Dur\u00e9e de lecture est.\" \/>\n\t<meta name=\"twitter:data1\" content=\"1 minute\" \/>\n<script type=\"application\/ld+json\" class=\"yoast-schema-graph\">{\"@context\":\"https:\/\/schema.org\",\"@graph\":[{\"@type\":\"WebPage\",\"@id\":\"https:\/\/www.synaxis.be\/?page_id=51\",\"url\":\"https:\/\/www.synaxis.be\/?page_id=51\",\"name\":\"Contact -\",\"isPartOf\":{\"@id\":\"https:\/\/www.synaxis.be\/#website\"},\"primaryImageOfPage\":{\"@id\":\"https:\/\/www.synaxis.be\/?page_id=51#primaryimage\"},\"image\":{\"@id\":\"https:\/\/www.synaxis.be\/?page_id=51#primaryimage\"},\"thumbnailUrl\":\"http:\/\/www.synaxis.be\/wp-content\/plugins\/wpforms-lite\/assets\/images\/submit-spin.svg\",\"datePublished\":\"2025-09-09T15:58:51+00:00\",\"dateModified\":\"2025-10-05T16:10:32+00:00\",\"breadcrumb\":{\"@id\":\"https:\/\/www.synaxis.be\/?page_id=51#breadcrumb\"},\"inLanguage\":\"fr-BE\",\"potentialAction\":[{\"@type\":\"ReadAction\",\"target\":[\"https:\/\/www.synaxis.be\/?page_id=51\"]}]},{\"@type\":\"ImageObject\",\"inLanguage\":\"fr-BE\",\"@id\":\"https:\/\/www.synaxis.be\/?page_id=51#primaryimage\",\"url\":\"http:\/\/www.synaxis.be\/wp-content\/plugins\/wpforms-lite\/assets\/images\/submit-spin.svg\",\"contentUrl\":\"http:\/\/www.synaxis.be\/wp-content\/plugins\/wpforms-lite\/assets\/images\/submit-spin.svg\"},{\"@type\":\"BreadcrumbList\",\"@id\":\"https:\/\/www.synaxis.be\/?page_id=51#breadcrumb\",\"itemListElement\":[{\"@type\":\"ListItem\",\"position\":1,\"name\":\"Home\",\"item\":\"https:\/\/www.synaxis.be\/\"},{\"@type\":\"ListItem\",\"position\":2,\"name\":\"Contact\"}]},{\"@type\":\"WebSite\",\"@id\":\"https:\/\/www.synaxis.be\/#website\",\"url\":\"https:\/\/www.synaxis.be\/\",\"name\":\"Synaxis\",\"description\":\"\",\"publisher\":{\"@id\":\"https:\/\/www.synaxis.be\/#organization\"},\"potentialAction\":[{\"@type\":\"SearchAction\",\"target\":{\"@type\":\"EntryPoint\",\"urlTemplate\":\"https:\/\/www.synaxis.be\/?s={search_term_string}\"},\"query-input\":{\"@type\":\"PropertyValueSpecification\",\"valueRequired\":true,\"valueName\":\"search_term_string\"}}],\"inLanguage\":\"fr-BE\"},{\"@type\":\"Organization\",\"@id\":\"https:\/\/www.synaxis.be\/#organization\",\"name\":\"Synaxis\",\"url\":\"https:\/\/www.synaxis.be\/\",\"logo\":{\"@type\":\"ImageObject\",\"inLanguage\":\"fr-BE\",\"@id\":\"https:\/\/www.synaxis.be\/#\/schema\/logo\/image\/\",\"url\":\"https:\/\/www.synaxis.be\/wp-content\/uploads\/2025\/08\/cropped-SYNAXIS_logo_transparent.webp\",\"contentUrl\":\"https:\/\/www.synaxis.be\/wp-content\/uploads\/2025\/08\/cropped-SYNAXIS_logo_transparent.webp\",\"width\":1178,\"height\":280,\"caption\":\"Synaxis\"},\"image\":{\"@id\":\"https:\/\/www.synaxis.be\/#\/schema\/logo\/image\/\"}}]}<\/script>\n<!-- \/ Yoast SEO plugin. -->","yoast_head_json":{"title":"Contact -","robots":{"index":"index","follow":"follow","max-snippet":"max-snippet:-1","max-image-preview":"max-image-preview:large","max-video-preview":"max-video-preview:-1"},"canonical":"https:\/\/www.synaxis.be\/?page_id=51","og_locale":"fr_FR","og_type":"article","og_title":"Contact -","og_description":"Vous souhaitez des informations ou une offre personnalis\u00e9e ?Contactez-nous, nous r\u00e9pondrons rapidement \u00e0 votre demande. Coordonn\u00e9es \ud83d\udccd Adresse : Rue [&hellip;]","og_url":"https:\/\/www.synaxis.be\/?page_id=51","article_modified_time":"2025-10-05T16:10:32+00:00","og_image":[{"url":"http:\/\/www.synaxis.be\/wp-content\/plugins\/wpforms-lite\/assets\/images\/submit-spin.svg","type":"","width":"","height":""}],"twitter_card":"summary_large_image","twitter_misc":{"Dur\u00e9e de lecture est.":"1 minute"},"schema":{"@context":"https:\/\/schema.org","@graph":[{"@type":"WebPage","@id":"https:\/\/www.synaxis.be\/?page_id=51","url":"https:\/\/www.synaxis.be\/?page_id=51","name":"Contact -","isPartOf":{"@id":"https:\/\/www.synaxis.be\/#website"},"primaryImageOfPage":{"@id":"https:\/\/www.synaxis.be\/?page_id=51#primaryimage"},"image":{"@id":"https:\/\/www.synaxis.be\/?page_id=51#primaryimage"},"thumbnailUrl":"http:\/\/www.synaxis.be\/wp-content\/plugins\/wpforms-lite\/assets\/images\/submit-spin.svg","datePublished":"2025-09-09T15:58:51+00:00","dateModified":"2025-10-05T16:10:32+00:00","breadcrumb":{"@id":"https:\/\/www.synaxis.be\/?page_id=51#breadcrumb"},"inLanguage":"fr-BE","potentialAction":[{"@type":"ReadAction","target":["https:\/\/www.synaxis.be\/?page_id=51"]}]},{"@type":"ImageObject","inLanguage":"fr-BE","@id":"https:\/\/www.synaxis.be\/?page_id=51#primaryimage","url":"http:\/\/www.synaxis.be\/wp-content\/plugins\/wpforms-lite\/assets\/images\/submit-spin.svg","contentUrl":"http:\/\/www.synaxis.be\/wp-content\/plugins\/wpforms-lite\/assets\/images\/submit-spin.svg"},{"@type":"BreadcrumbList","@id":"https:\/\/www.synaxis.be\/?page_id=51#breadcrumb","itemListElement":[{"@type":"ListItem","position":1,"name":"Home","item":"https:\/\/www.synaxis.be\/"},{"@type":"ListItem","position":2,"name":"Contact"}]},{"@type":"WebSite","@id":"https:\/\/www.synaxis.be\/#website","url":"https:\/\/www.synaxis.be\/","name":"Synaxis","description":"","publisher":{"@id":"https:\/\/www.synaxis.be\/#organization"},"potentialAction":[{"@type":"SearchAction","target":{"@type":"EntryPoint","urlTemplate":"https:\/\/www.synaxis.be\/?s={search_term_string}"},"query-input":{"@type":"PropertyValueSpecification","valueRequired":true,"valueName":"search_term_string"}}],"inLanguage":"fr-BE"},{"@type":"Organization","@id":"https:\/\/www.synaxis.be\/#organization","name":"Synaxis","url":"https:\/\/www.synaxis.be\/","logo":{"@type":"ImageObject","inLanguage":"fr-BE","@id":"https:\/\/www.synaxis.be\/#\/schema\/logo\/image\/","url":"https:\/\/www.synaxis.be\/wp-content\/uploads\/2025\/08\/cropped-SYNAXIS_logo_transparent.webp","contentUrl":"https:\/\/www.synaxis.be\/wp-content\/uploads\/2025\/08\/cropped-SYNAXIS_logo_transparent.webp","width":1178,"height":280,"caption":"Synaxis"},"image":{"@id":"https:\/\/www.synaxis.be\/#\/schema\/logo\/image\/"}}]}},"_links":{"self":[{"href":"https:\/\/www.synaxis.be\/index.php?rest_route=\/wp\/v2\/pages\/51","targetHints":{"allow":["GET"]}}],"collection":[{"href":"https:\/\/www.synaxis.be\/index.php?rest_route=\/wp\/v2\/pages"}],"about":[{"href":"https:\/\/www.synaxis.be\/index.php?rest_route=\/wp\/v2\/types\/page"}],"author":[{"embeddable":true,"href":"https:\/\/www.synaxis.be\/index.php?rest_route=\/wp\/v2\/users\/1"}],"replies":[{"embeddable":true,"href":"https:\/\/www.synaxis.be\/index.php?rest_route=%2Fwp%2Fv2%2Fcomments&post=51"}],"version-history":[{"count":28,"href":"https:\/\/www.synaxis.be\/index.php?rest_route=\/wp\/v2\/pages\/51\/revisions"}],"predecessor-version":[{"id":181,"href":"https:\/\/www.synaxis.be\/index.php?rest_route=\/wp\/v2\/pages\/51\/revisions\/181"}],"wp:attachment":[{"href":"https:\/\/www.synaxis.be\/index.php?rest_route=%2Fwp%2Fv2%2Fmedia&parent=51"}],"curies":[{"name":"wp","href":"https:\/\/api.w.org\/{rel}","templated":true}]}}